{"id":59785,"date":"2023-01-24T20:16:06","date_gmt":"2023-01-24T19:16:06","guid":{"rendered":"https:\/\/pgwear.net\/?page_id=59785"},"modified":"2023-01-24T20:19:16","modified_gmt":"2023-01-24T19:19:16","slug":"sledz-swoje-zamowienie","status":"publish","type":"page","link":"https:\/\/pgwear.net\/pl\/sledz-swoje-zamowienie\/","title":{"rendered":"\u015aled\u017a swoje zam\u00f3wienie"},"content":{"rendered":"\n\t<section class=\"section\" id=\"section_2038845530\">\n\t\t<div class=\"section-bg fill\" >\n\t\t\t\t\t\t\t\t\t\n\t\t\t\n\n\t\t<\/div>\n\n\t\t\n\n\t\t<div class=\"section-content relative\">\n\t\t\t\n<div class=\"row align-middle\"  id=\"row-956547974\">\n\n\t<div id=\"col-1522221716\" class=\"col medium-5 small-12 large-5\"  >\n\t\t\t\t<div class=\"col-inner\"  >\n\t\t\t\n\t\t\t\n\n  <div class=\"banner has-hover\" id=\"banner-783446399\">\n          <div class=\"banner-inner fill\">\n        <div class=\"banner-bg fill\" >\n            <img loading=\"lazy\" decoding=\"async\" width=\"763\" height=\"1024\" src=\"https:\/\/pgwear.net\/wp-content\/uploads\/2022\/08\/logo-gryfB-763x1024.png\" class=\"bg attachment-large size-large\" alt=\"\" \/>                                    \n                    <\/div>\n\t\t\n        <div class=\"banner-layers container\">\n            <div class=\"fill banner-link\"><\/div>            \n        <\/div>\n      <\/div>\n\n              <div class=\"height-fix is-invisible\"><img loading=\"lazy\" decoding=\"async\" width=\"763\" height=\"1024\" src=\"https:\/\/pgwear.net\/wp-content\/uploads\/2022\/08\/logo-gryfB-763x1024.png\" class=\"attachment-large size-large\" alt=\"\" srcset=\"https:\/\/pgwear.net\/wp-content\/uploads\/2022\/08\/logo-gryfB-763x1024.png 763w, https:\/\/pgwear.net\/wp-content\/uploads\/2022\/08\/logo-gryfB-224x300.png 224w, https:\/\/pgwear.net\/wp-content\/uploads\/2022\/08\/logo-gryfB-768x1031.png 768w, https:\/\/pgwear.net\/wp-content\/uploads\/2022\/08\/logo-gryfB-1145x1536.png 1145w, https:\/\/pgwear.net\/wp-content\/uploads\/2022\/08\/logo-gryfB-866x1162.png 866w, https:\/\/pgwear.net\/wp-content\/uploads\/2022\/08\/logo-gryfB.png 1416w\" sizes=\"auto, (max-width: 763px) 100vw, 763px\" \/><\/div>\n            \n<style>\n#banner-783446399 {\n  background-color: rgb(255, 255, 255);\n}\n<\/style>\n  <\/div>\n\n\n\t\t<\/div>\n\t\t\t\t\t<\/div>\n\n\t\n\n\t<div id=\"col-1109361519\" class=\"col medium-7 small-12 large-7\"  >\n\t\t\t\t<div class=\"col-inner\"  >\n\t\t\t\n\t\t\t\n\t<div id=\"gap-1671719475\" class=\"gap-element clearfix\" style=\"display:block; height:auto;\">\n\t\t\n<style>\n#gap-1671719475 {\n  padding-top: 30px;\n}\n<\/style>\n\t<\/div>\n\t\n\t<div id=\"text-2796176802\" class=\"text\">\n\t\t\n<h3>\u015aled\u017a swoje zam\u00f3wienie <\/h3>\n\t\t\n<style>\n#text-2796176802 {\n  font-size: 2.5rem;\n  line-height: 0.75;\n}\n<\/style>\n\t<\/div>\n\t\n<div class=\"woocommerce\"><\/div>\n<a href=\"https:\/\/pgwear.net\/pl\/kontakt\/\" class=\"button secondary\" style=\"border-radius:5px;padding:6px 30px 6px 30px;\">\n\t\t<span>Skontaktuj si\u0119 z nami<\/span>\n\t<\/a>\n\n\t\t<\/div>\n\t\t\t\t\n<style>\n#col-1109361519 > .col-inner {\n  padding: 0px 1% 0px 1%;\n}\n@media (min-width:550px) {\n  #col-1109361519 > .col-inner {\n    padding: 0px 2% 0px 2%;\n  }\n}\n@media (min-width:850px) {\n  #col-1109361519 > .col-inner {\n    padding: 0px 0px 0px 10%;\n  }\n}\n<\/style>\n\t<\/div>\n\n\t\n<\/div>\n\t\t<\/div>\n\n\t\t\n<style>\n#section_2038845530 {\n  padding-top: 30px;\n  padding-bottom: 30px;\n}\n<\/style>\n\t<\/section>\n\t\n","protected":false},"excerpt":{"rendered":"","protected":false},"author":48308,"featured_media":0,"parent":0,"menu_order":0,"comment_status":"closed","ping_status":"closed","template":"","meta":{"_acf_changed":false,"footnotes":""},"class_list":["post-59785","page","type-page","status-publish","hentry"],"acf":[],"_links":{"self":[{"href":"https:\/\/pgwear.net\/pl\/wp-json\/wp\/v2\/pages\/59785","targetHints":{"allow":["GET"]}}],"collection":[{"href":"https:\/\/pgwear.net\/pl\/wp-json\/wp\/v2\/pages"}],"about":[{"href":"https:\/\/pgwear.net\/pl\/wp-json\/wp\/v2\/types\/page"}],"author":[{"embeddable":true,"href":"https:\/\/pgwear.net\/pl\/wp-json\/wp\/v2\/users\/48308"}],"replies":[{"embeddable":true,"href":"https:\/\/pgwear.net\/pl\/wp-json\/wp\/v2\/comments?post=59785"}],"version-history":[{"count":0,"href":"https:\/\/pgwear.net\/pl\/wp-json\/wp\/v2\/pages\/59785\/revisions"}],"wp:attachment":[{"href":"https:\/\/pgwear.net\/pl\/wp-json\/wp\/v2\/media?parent=59785"}],"curies":[{"name":"wp","href":"https:\/\/api.w.org\/{rel}","templated":true}]}}