{"id":100336,"date":"2023-09-20T10:09:05","date_gmt":"2023-09-20T08:09:05","guid":{"rendered":"https:\/\/pgwear.net\/p\/nr-aw23-kominiarka-shadow-no-respect\/"},"modified":"2026-04-14T07:36:16","modified_gmt":"2026-04-14T05:36:16","slug":"kominiarka-shadow-no-respect","status":"publish","type":"product","link":"https:\/\/pgwear.net\/pl\/p\/kominiarka-shadow-no-respect\/","title":{"rendered":"Kominiarka &#8220;Shadow&#8221; No Respect"},"content":{"rendered":"<p>Od lat 70-tych do dzi\u015b istnieje na rynku tylko jeden produkt, kt\u00f3ry s\u0142u\u017cy do ochrony twarzy przed policj\u0105, kamerami CCTV czy wrogami na ulicy w dniu meczu lub na stadionie. Tak, to w\u0142a\u015bnie <a href=\"https:\/\/pgwear.net\/pl\/c\/kominiarki\/\">kominiarka<\/a>! Zakryj twarz siatkow\u0105 kominiark\u0105 z linii <a href=\"https:\/\/pgwear.net\/pl\/tag\/no-respect\/\">NO RESPECT<\/a> <a href=\"https:\/\/pgwear.net\/pl\/feature\/motyw-kominiarki\/\">ozdobion\u0105 s\u0142ynn\u0105 ma\u0142\u0105 kominiark\u0105<\/a> w stylu graffiti!<\/p>\n","protected":false},"excerpt":{"rendered":"<p>Od lat 70-tych do dzi\u015b istnieje na rynku tylko jeden produkt, kt\u00f3ry s\u0142u\u017cy do ochrony twarzy przed policj\u0105, kamerami CCTV czy wrogami na ulicy w dniu meczu lub na stadionie. Tak, to w\u0142a\u015bnie kominiarka!<\/p>\n","protected":false},"featured_media":101442,"template":"","meta":{"_acf_changed":false},"product_brand":[],"product_cat":[370],"product_tag":[1974],"class_list":{"0":"post-100336","1":"product","2":"type-product","3":"status-publish","4":"has-post-thumbnail","6":"product_cat-kominiarki","7":"product_tag-no-respect","8":"pa_kolor-czarny","9":"pa_kolor-zolty","10":"pa_kolor-zolty-czarny","11":"pa_material-100-poliester","12":"pa_nadruk-nadruk-na-calej-powierzchni","13":"feature-kominiarka-full-print","15":"first","16":"instock","17":"taxable","18":"shipping-taxable","19":"purchasable","20":"product-type-simple"},"acf":[],"_links":{"self":[{"href":"https:\/\/pgwear.net\/pl\/wp-json\/wp\/v2\/product\/100336","targetHints":{"allow":["GET"]}}],"collection":[{"href":"https:\/\/pgwear.net\/pl\/wp-json\/wp\/v2\/product"}],"about":[{"href":"https:\/\/pgwear.net\/pl\/wp-json\/wp\/v2\/types\/product"}],"wp:featuredmedia":[{"embeddable":true,"href":"https:\/\/pgwear.net\/pl\/wp-json\/wp\/v2\/media\/101442"}],"wp:attachment":[{"href":"https:\/\/pgwear.net\/pl\/wp-json\/wp\/v2\/media?parent=100336"}],"wp:term":[{"taxonomy":"product_brand","embeddable":true,"href":"https:\/\/pgwear.net\/pl\/wp-json\/wp\/v2\/product_brand?post=100336"},{"taxonomy":"product_cat","embeddable":true,"href":"https:\/\/pgwear.net\/pl\/wp-json\/wp\/v2\/product_cat?post=100336"},{"taxonomy":"product_tag","embeddable":true,"href":"https:\/\/pgwear.net\/pl\/wp-json\/wp\/v2\/product_tag?post=100336"}],"curies":[{"name":"wp","href":"https:\/\/api.w.org\/{rel}","templated":true}]}}