{"id":100338,"date":"2023-09-20T10:09:06","date_gmt":"2023-09-20T08:09:06","guid":{"rendered":"https:\/\/pgwear.net\/p\/nr-aw23-czapka-zimowa-2in1-no-respect-czarna\/"},"modified":"2026-03-26T12:07:19","modified_gmt":"2026-03-26T11:07:19","slug":"czapka-zimowa-2in1-no-respect-czarna","status":"publish","type":"product","link":"https:\/\/pgwear.net\/pl\/p\/czapka-zimowa-2in1-no-respect-czarna\/","title":{"rendered":"Czapka zimowa &#8220;2in1&#8221; No Respect Czarna"},"content":{"rendered":"<p>Szukasz <a href=\"https:\/\/pgwear.net\/pl\/c\/czapki\/\">czapki<\/a>, kt\u00f3ra ochroni Ci\u0119 przed zimnem, policj\u0105 i CCTV, a jednocze\u015bnie b\u0119dzie wygl\u0105da\u0107 dobrze i stylowo? Oto czapka z linii <a href=\"https:\/\/pgwear.net\/pl\/tag\/no-respect\/\">NO RESPECT<\/a> Troublemaker Action Hat 2 w 1 &#8211; czapka i <a href=\"https:\/\/pgwear.net\/pl\/c\/kominiarki\/\">kominiarka<\/a> w jednym produkcie! Ca\u0142a czarna ozdobiona drobnym detalem &#8211; naszym s\u0142ynnym <a href=\"https:\/\/pgwear.net\/pl\/feature\/motyw-kominiarki\/\">logo kominiarki<\/a>!<\/p>\n","protected":false},"excerpt":{"rendered":"<p>Szukasz czapki, kt\u00f3ra ochroni Ci\u0119 przed zimnem, policj\u0105 i CCTV, a jednocze\u015bnie b\u0119dzie wygl\u0105da\u0107 dobrze i stylowo? Oto czapka z linii NO RESPECT Troublemaker Action Hat 2 w 1 &#8211; czapka i kominiarka w jednym produkcie!<\/p>\n","protected":false},"featured_media":101319,"template":"","meta":{"_acf_changed":false},"product_brand":[],"product_cat":[3511,3510],"product_tag":[1974],"class_list":{"0":"post-100338","1":"product","2":"type-product","3":"status-publish","4":"has-post-thumbnail","6":"product_cat-z-funkcja-kominiarki","7":"product_cat-zimowe","8":"product_tag-no-respect","9":"pa_kolor-czarny","10":"pa_material-100-akryl","11":"feature-czapka-zimowa","13":"first","14":"instock","15":"taxable","16":"shipping-taxable","17":"purchasable","18":"product-type-simple"},"acf":[],"_links":{"self":[{"href":"https:\/\/pgwear.net\/pl\/wp-json\/wp\/v2\/product\/100338","targetHints":{"allow":["GET"]}}],"collection":[{"href":"https:\/\/pgwear.net\/pl\/wp-json\/wp\/v2\/product"}],"about":[{"href":"https:\/\/pgwear.net\/pl\/wp-json\/wp\/v2\/types\/product"}],"wp:featuredmedia":[{"embeddable":true,"href":"https:\/\/pgwear.net\/pl\/wp-json\/wp\/v2\/media\/101319"}],"wp:attachment":[{"href":"https:\/\/pgwear.net\/pl\/wp-json\/wp\/v2\/media?parent=100338"}],"wp:term":[{"taxonomy":"product_brand","embeddable":true,"href":"https:\/\/pgwear.net\/pl\/wp-json\/wp\/v2\/product_brand?post=100338"},{"taxonomy":"product_cat","embeddable":true,"href":"https:\/\/pgwear.net\/pl\/wp-json\/wp\/v2\/product_cat?post=100338"},{"taxonomy":"product_tag","embeddable":true,"href":"https:\/\/pgwear.net\/pl\/wp-json\/wp\/v2\/product_tag?post=100338"}],"curies":[{"name":"wp","href":"https:\/\/api.w.org\/{rel}","templated":true}]}}