{"id":100340,"date":"2023-09-20T10:09:06","date_gmt":"2023-09-20T08:09:06","guid":{"rendered":"https:\/\/pgwear.net\/p\/nr-aw23-czapka-action-classic-no-respect-czarna\/"},"modified":"2026-03-23T12:46:17","modified_gmt":"2026-03-23T11:46:17","slug":"czapka-action-classic-no-respect-czarna","status":"publish","type":"product","link":"https:\/\/pgwear.net\/pl\/p\/czapka-action-classic-no-respect-czarna\/","title":{"rendered":"Czapka Action &#8220;Classic&#8221; No Respect Czarna"},"content":{"rendered":"<p>Jeden z najch\u0119tniej kupowanych produkt\u00f3w &#8220;<a href=\"https:\/\/pgwear.net\/pl\/tag\/no-respect\/\">NO RESPECT<\/a>&#8221; &#8211; klasyczna, <a href=\"https:\/\/pgwear.net\/pl\/feature\/czapka-zimowa\/\">zimowa czapka<\/a> z zamkiem ukrytym pod wywini\u0119ciem. Idealnie ochroni przed zimnem oraz kamer\u0105 policji.<\/p>\n","protected":false},"excerpt":{"rendered":"<p>Jeden z najch\u0119tniej kupowanych produkt\u00f3w &#8220;NO RESPECT&#8221; &#8211; klasyczna, zimowa czapka z zamkiem ukrytym pod wywini\u0119ciem. Idealnie ochroni przed zimnem oraz kamer\u0105 policji.<\/p>\n","protected":false},"featured_media":101354,"template":"","meta":{"_acf_changed":false},"product_brand":[],"product_cat":[3510],"product_tag":[1974],"class_list":{"0":"post-100340","1":"product","2":"type-product","3":"status-publish","4":"has-post-thumbnail","6":"product_cat-zimowe","7":"product_tag-no-respect","8":"pa_kolor-czarny","9":"pa_material-100-akryl","10":"feature-czapka-zimowa","12":"first","13":"instock","14":"taxable","15":"shipping-taxable","16":"purchasable","17":"product-type-simple"},"acf":[],"_links":{"self":[{"href":"https:\/\/pgwear.net\/pl\/wp-json\/wp\/v2\/product\/100340","targetHints":{"allow":["GET"]}}],"collection":[{"href":"https:\/\/pgwear.net\/pl\/wp-json\/wp\/v2\/product"}],"about":[{"href":"https:\/\/pgwear.net\/pl\/wp-json\/wp\/v2\/types\/product"}],"wp:featuredmedia":[{"embeddable":true,"href":"https:\/\/pgwear.net\/pl\/wp-json\/wp\/v2\/media\/101354"}],"wp:attachment":[{"href":"https:\/\/pgwear.net\/pl\/wp-json\/wp\/v2\/media?parent=100340"}],"wp:term":[{"taxonomy":"product_brand","embeddable":true,"href":"https:\/\/pgwear.net\/pl\/wp-json\/wp\/v2\/product_brand?post=100340"},{"taxonomy":"product_cat","embeddable":true,"href":"https:\/\/pgwear.net\/pl\/wp-json\/wp\/v2\/product_cat?post=100340"},{"taxonomy":"product_tag","embeddable":true,"href":"https:\/\/pgwear.net\/pl\/wp-json\/wp\/v2\/product_tag?post=100340"}],"curies":[{"name":"wp","href":"https:\/\/api.w.org\/{rel}","templated":true}]}}