{"id":100342,"date":"2023-09-20T10:09:09","date_gmt":"2023-09-20T08:09:09","guid":{"rendered":"https:\/\/pgwear.net\/p\/nr-aw23-bluza-ff-maniac-no-respect-czarna\/"},"modified":"2026-04-19T14:45:21","modified_gmt":"2026-04-19T12:45:21","slug":"bluza-z-maska-maniac-no-respect-czarna","status":"publish","type":"product","link":"https:\/\/pgwear.net\/pl\/p\/bluza-z-maska-maniac-no-respect-czarna\/","title":{"rendered":"Bluza z mask\u0105 &#8220;Maniac&#8221; No Respect Czarna"},"content":{"rendered":"<p>Kultowa <a href=\"https:\/\/pgwear.net\/pl\/c\/bluzy\/\">bluza z kapturem<\/a> zapinana na zamek, z wszyt\u0105 mask\u0105 i <a href=\"https:\/\/pgwear.net\/pl\/feature\/duza-kieszen\/\">pojemn\u0105 przedni\u0105 kieszeni\u0105<\/a>. Wykonana z najwy\u017cszej jako\u015bci materia\u0142\u00f3w z dba\u0142o\u015bci\u0105 o szczeg\u00f3\u0142y! Niewa\u017cne gdzie jeste\u015b, w domu czy w podr\u00f3\u017cy, ten produkt chroni przed policj\u0105 i kamerami CCTV, zar\u00f3wno na ulicy, jak i na stadionie!<\/p>\n","protected":false},"excerpt":{"rendered":"<p>Kultowa bluza z kapturem zapinana na zamek, z wszyt\u0105 mask\u0105 i pojemn\u0105 przedni\u0105 kieszeni\u0105. Wykonana z najwy\u017cszej jako\u015bci materia\u0142\u00f3w z dba\u0142o\u015bci\u0105 o szczeg\u00f3\u0142y!<\/p>\n","protected":false},"featured_media":101135,"template":"","meta":{"_acf_changed":false},"product_brand":[],"product_cat":[371,3490,3493],"product_tag":[1974],"class_list":{"0":"post-100342","1":"product","2":"type-product","3":"status-publish","4":"has-post-thumbnail","6":"product_cat-bluzy","7":"product_cat-bluzy-z-kapturem","8":"product_cat-bluzy-z-kominiarka","9":"product_tag-no-respect","10":"pa_gramatura-340-gr-m2","11":"pa_kolor-czarny","12":"pa_kroj-klasyczny","13":"pa_material-100-bawelna","14":"pa_nadruk-duzy-nadruk-na-klatce-piersiowej","15":"pa_rozmiar-l","16":"pa_rozmiar-m","17":"pa_rozmiar-s","18":"pa_rozmiar-xl","19":"pa_rozmiar-xxl","20":"pa_rozmiar-xxxl","21":"feature-wbudowana-maska","23":"first","24":"instock","25":"taxable","26":"shipping-taxable","27":"purchasable","28":"product-type-variable"},"acf":[],"_links":{"self":[{"href":"https:\/\/pgwear.net\/pl\/wp-json\/wp\/v2\/product\/100342","targetHints":{"allow":["GET"]}}],"collection":[{"href":"https:\/\/pgwear.net\/pl\/wp-json\/wp\/v2\/product"}],"about":[{"href":"https:\/\/pgwear.net\/pl\/wp-json\/wp\/v2\/types\/product"}],"wp:featuredmedia":[{"embeddable":true,"href":"https:\/\/pgwear.net\/pl\/wp-json\/wp\/v2\/media\/101135"}],"wp:attachment":[{"href":"https:\/\/pgwear.net\/pl\/wp-json\/wp\/v2\/media?parent=100342"}],"wp:term":[{"taxonomy":"product_brand","embeddable":true,"href":"https:\/\/pgwear.net\/pl\/wp-json\/wp\/v2\/product_brand?post=100342"},{"taxonomy":"product_cat","embeddable":true,"href":"https:\/\/pgwear.net\/pl\/wp-json\/wp\/v2\/product_cat?post=100342"},{"taxonomy":"product_tag","embeddable":true,"href":"https:\/\/pgwear.net\/pl\/wp-json\/wp\/v2\/product_tag?post=100342"}],"curies":[{"name":"wp","href":"https:\/\/api.w.org\/{rel}","templated":true}]}}