{"id":100356,"date":"2023-09-20T10:09:12","date_gmt":"2023-09-20T08:09:12","guid":{"rendered":"https:\/\/pgwear.net\/p\/nr-aw23-kamizelka-falcon-no-respect-czarna\/"},"modified":"2026-03-31T14:31:26","modified_gmt":"2026-03-31T12:31:26","slug":"kamizelka-packable-falcon-no-respect-czarna","status":"publish","type":"product","link":"https:\/\/pgwear.net\/pl\/p\/kamizelka-packable-falcon-no-respect-czarna\/","title":{"rendered":"Kamizelka Packable &#8220;Falcon&#8221; No Respect Czarna"},"content":{"rendered":"<p>Idealna opcja dla tych, kt\u00f3rzy nie lubi\u0105 zak\u0142ada\u0107 zbyt wielu warstw, a mimo to chc\u0105 czu\u0107 si\u0119 komfortowo w ch\u0142odniejsze dni. To dla tych os\u00f3b w\u0142a\u015bnie zosta\u0142a zaprojektowana <a href=\"https:\/\/pgwear.net\/pl\/feature\/kamizelka\/\">kamizelka w stylu ultras<\/a> z kapturem! Wy\u015bcie\u0142any materia\u0142 zapewni doskona\u0142\u0105 izolacj\u0119 ciepln\u0105 w zimne dni!<\/p>\n","protected":false},"excerpt":{"rendered":"<p>Idealna opcja dla tych, kt\u00f3rzy nie lubi\u0105 zak\u0142ada\u0107 zbyt wielu warstw, a mimo to chc\u0105 czu\u0107 si\u0119 komfortowo w ch\u0142odniejsze dni.<\/p>\n","protected":false},"featured_media":100648,"template":"","meta":{"_acf_changed":false},"product_brand":[],"product_cat":[3487],"product_tag":[3839,1974,3277,2837],"class_list":{"0":"post-100356","1":"product","2":"type-product","3":"status-publish","4":"has-post-thumbnail","6":"product_cat-kamizelki","7":"product_tag-blue-monday","8":"product_tag-no-respect","9":"product_tag-ostatnie-sztuki","10":"product_tag-sale","11":"pa_kolor-czarny","12":"pa_material-100-poliester","13":"pa_rozmiar-l","14":"pa_rozmiar-m","15":"pa_rozmiar-s","16":"pa_rozmiar-xl","17":"pa_rozmiar-xxl","18":"pa_rozmiar-xxxl","19":"feature-kamizelka","21":"first","22":"instock","23":"sale","24":"taxable","25":"shipping-taxable","26":"purchasable","27":"product-type-variable"},"acf":[],"_links":{"self":[{"href":"https:\/\/pgwear.net\/pl\/wp-json\/wp\/v2\/product\/100356","targetHints":{"allow":["GET"]}}],"collection":[{"href":"https:\/\/pgwear.net\/pl\/wp-json\/wp\/v2\/product"}],"about":[{"href":"https:\/\/pgwear.net\/pl\/wp-json\/wp\/v2\/types\/product"}],"wp:featuredmedia":[{"embeddable":true,"href":"https:\/\/pgwear.net\/pl\/wp-json\/wp\/v2\/media\/100648"}],"wp:attachment":[{"href":"https:\/\/pgwear.net\/pl\/wp-json\/wp\/v2\/media?parent=100356"}],"wp:term":[{"taxonomy":"product_brand","embeddable":true,"href":"https:\/\/pgwear.net\/pl\/wp-json\/wp\/v2\/product_brand?post=100356"},{"taxonomy":"product_cat","embeddable":true,"href":"https:\/\/pgwear.net\/pl\/wp-json\/wp\/v2\/product_cat?post=100356"},{"taxonomy":"product_tag","embeddable":true,"href":"https:\/\/pgwear.net\/pl\/wp-json\/wp\/v2\/product_tag?post=100356"}],"curies":[{"name":"wp","href":"https:\/\/api.w.org\/{rel}","templated":true}]}}