{"id":100408,"date":"2023-09-20T10:09:22","date_gmt":"2023-09-20T08:09:22","guid":{"rendered":"https:\/\/pgwear.net\/p\/nr-aw23-t-shirt-graffiti-no-respect-czarna\/"},"modified":"2026-03-24T12:37:11","modified_gmt":"2026-03-24T11:37:11","slug":"t-shirt-graffiti-no-respect-czarny","status":"publish","type":"product","link":"https:\/\/pgwear.net\/pl\/p\/t-shirt-graffiti-no-respect-czarny\/","title":{"rendered":"T-shirt &#8220;Graffiti&#8221; No Respect Czarny"},"content":{"rendered":"<p>Nic innego jak logo <a href=\"https:\/\/pgwear.net\/pl\/tag\/no-respect\/\">NO RESPECT<\/a> &#8211; <a href=\"https:\/\/pgwear.net\/pl\/feature\/motyw-kominiarki\/\">czarna kominiarka<\/a> &#8211; narysowana w stylu graffiti i wydrukowana z przodu! O to w\u0142a\u015bnie chodzi w tej <a href=\"https:\/\/pgwear.net\/pl\/c\/t-shirty\/\">koszulce<\/a>! No\u015b j\u0105 dumnie zar\u00f3wno na ulicy jak i na stadionie!<\/p>\n","protected":false},"excerpt":{"rendered":"<p>Nic innego jak logo NO RESPECT &#8211; czarna kominiarka &#8211; narysowana w stylu graffiti i wydrukowana z przodu! O to w\u0142a\u015bnie chodzi w tej koszulce!<\/p>\n","protected":false},"featured_media":100682,"template":"","meta":{"_acf_changed":false},"product_brand":[],"product_cat":[3497],"product_tag":[1974],"class_list":{"0":"post-100408","1":"product","2":"type-product","3":"status-publish","4":"has-post-thumbnail","6":"product_cat-no-respect","7":"product_tag-no-respect","8":"pa_gramatura-180-gr-m2","9":"pa_kolor-czarny","10":"pa_kroj-klasyczny","11":"pa_material-100-bawelna","12":"pa_nadruk-duzy-nadruk-na-klatce-piersiowej","13":"pa_rozmiar-l-de","14":"pa_rozmiar-l","15":"pa_rozmiar-l-en","16":"pa_rozmiar-m-en-2","17":"pa_rozmiar-m","18":"pa_rozmiar-m-de-2","19":"pa_rozmiar-s","20":"pa_rozmiar-s-en","21":"pa_rozmiar-s-de","22":"pa_rozmiar-xl-de","23":"pa_rozmiar-xl-en","24":"pa_rozmiar-xl","25":"pa_rozmiar-xxl","26":"pa_rozmiar-xxl-de","27":"pa_rozmiar-xxl-en","28":"pa_rozmiar-xxxl","29":"pa_rozmiar-xxxl-en","30":"pa_rozmiar-xxxl-de","31":"feature-motyw-kominiarki","33":"first","34":"instock","35":"taxable","36":"shipping-taxable","37":"purchasable","38":"product-type-variable"},"acf":[],"_links":{"self":[{"href":"https:\/\/pgwear.net\/pl\/wp-json\/wp\/v2\/product\/100408","targetHints":{"allow":["GET"]}}],"collection":[{"href":"https:\/\/pgwear.net\/pl\/wp-json\/wp\/v2\/product"}],"about":[{"href":"https:\/\/pgwear.net\/pl\/wp-json\/wp\/v2\/types\/product"}],"wp:featuredmedia":[{"embeddable":true,"href":"https:\/\/pgwear.net\/pl\/wp-json\/wp\/v2\/media\/100682"}],"wp:attachment":[{"href":"https:\/\/pgwear.net\/pl\/wp-json\/wp\/v2\/media?parent=100408"}],"wp:term":[{"taxonomy":"product_brand","embeddable":true,"href":"https:\/\/pgwear.net\/pl\/wp-json\/wp\/v2\/product_brand?post=100408"},{"taxonomy":"product_cat","embeddable":true,"href":"https:\/\/pgwear.net\/pl\/wp-json\/wp\/v2\/product_cat?post=100408"},{"taxonomy":"product_tag","embeddable":true,"href":"https:\/\/pgwear.net\/pl\/wp-json\/wp\/v2\/product_tag?post=100408"}],"curies":[{"name":"wp","href":"https:\/\/api.w.org\/{rel}","templated":true}]}}