{"id":100415,"date":"2023-09-20T10:09:24","date_gmt":"2023-09-20T08:09:24","guid":{"rendered":"https:\/\/pgwear.net\/p\/nr-aw23-t-shirt-sofia-no-respect-czarna\/"},"modified":"2026-03-17T14:33:51","modified_gmt":"2026-03-17T13:33:51","slug":"t-shirt-sofia-no-respect-czarny","status":"publish","type":"product","link":"https:\/\/pgwear.net\/pl\/p\/t-shirt-sofia-no-respect-czarny\/","title":{"rendered":"T-shirt &#8220;Sofia&#8221; No Respect Czarny"},"content":{"rendered":"<p>Koszulka o klasycznym kroju, wykonana z najwy\u017cszej jako\u015bci materia\u0142u, z unikalnym nadrukiem i naszym sloganem. Wz\u00f3r odnosi si\u0119 do tego wszystkiego, co sprawia, \u017ce serce ultras\u00f3w, chuligan\u00f3w i zwyk\u0142ych kibic\u00f3w pi\u0142ki no\u017cnej bije w dniu meczu jeszcze szybciej\u2013 starcia z wrogami, policj\u0105 oraz <a href=\"https:\/\/pgwear.net\/pl\/feature\/wyjazd\/\">mecze wyjazdowe<\/a>! No\u015b dumnie t-shirt z kolekcji <a href=\"https:\/\/pgwear.net\/pl\/tag\/no-respect\/\">NO RESPECT<\/a> zar\u00f3wno na ulicy, jak i na stadionie!<\/p>\n","protected":false},"excerpt":{"rendered":"<p>Koszulka o klasycznym kroju, wykonana z najwy\u017cszej jako\u015bci materia\u0142u, z unikalnym nadrukiem i naszym sloganem.<\/p>\n","protected":false},"featured_media":100720,"template":"","meta":{"_acf_changed":false},"product_brand":[],"product_cat":[3497],"product_tag":[1974,3277],"class_list":{"0":"post-100415","1":"product","2":"type-product","3":"status-publish","4":"has-post-thumbnail","6":"product_cat-no-respect","7":"product_tag-no-respect","8":"product_tag-ostatnie-sztuki","9":"pa_gramatura-180-gr-m2","10":"pa_kolor-czarny","11":"pa_kroj-klasyczny","12":"pa_material-100-bawelna","13":"pa_nadruk-duzy-nadruk-na-klatce-piersiowej","14":"pa_rozmiar-l","15":"pa_rozmiar-m","16":"pa_rozmiar-s","17":"pa_rozmiar-xl","18":"pa_rozmiar-xxl","19":"pa_rozmiar-xxxl","21":"first","22":"outofstock","23":"taxable","24":"shipping-taxable","25":"product-type-variable"},"acf":[],"_links":{"self":[{"href":"https:\/\/pgwear.net\/pl\/wp-json\/wp\/v2\/product\/100415","targetHints":{"allow":["GET"]}}],"collection":[{"href":"https:\/\/pgwear.net\/pl\/wp-json\/wp\/v2\/product"}],"about":[{"href":"https:\/\/pgwear.net\/pl\/wp-json\/wp\/v2\/types\/product"}],"wp:featuredmedia":[{"embeddable":true,"href":"https:\/\/pgwear.net\/pl\/wp-json\/wp\/v2\/media\/100720"}],"wp:attachment":[{"href":"https:\/\/pgwear.net\/pl\/wp-json\/wp\/v2\/media?parent=100415"}],"wp:term":[{"taxonomy":"product_brand","embeddable":true,"href":"https:\/\/pgwear.net\/pl\/wp-json\/wp\/v2\/product_brand?post=100415"},{"taxonomy":"product_cat","embeddable":true,"href":"https:\/\/pgwear.net\/pl\/wp-json\/wp\/v2\/product_cat?post=100415"},{"taxonomy":"product_tag","embeddable":true,"href":"https:\/\/pgwear.net\/pl\/wp-json\/wp\/v2\/product_tag?post=100415"}],"curies":[{"name":"wp","href":"https:\/\/api.w.org\/{rel}","templated":true}]}}