{"id":100422,"date":"2023-09-20T10:09:26","date_gmt":"2023-09-20T08:09:26","guid":{"rendered":"https:\/\/pgwear.net\/p\/nr-aw23-t-shirt-stripe-no-respect-czarna\/"},"modified":"2026-03-23T07:14:40","modified_gmt":"2026-03-23T06:14:40","slug":"t-shirt-stripe-no-respect-czarny","status":"publish","type":"product","link":"https:\/\/pgwear.net\/pl\/p\/t-shirt-stripe-no-respect-czarny\/","title":{"rendered":"T-shirt &#8220;Stripe&#8221; No Respect Czarny"},"content":{"rendered":"<p>Minimalistyczny design dla tych, kt\u00f3rzy chc\u0105 pozosta\u0107 anonimowi na stadionie! Prosty kr\u00f3j z bia\u0142ym paskiem po\u015brodku koszulki po\u0142\u0105czony z wysok\u0105 jako\u015bci\u0105 materia\u0142u, dla tych, kt\u00f3rzy chc\u0105 zachowa\u0107 styl na ulicy oraz ma\u0142e <a href=\"https:\/\/pgwear.net\/pl\/feature\/motyw-kominiarki\/\">logo &#8211; czarna kominiarka<\/a> dla tych, kt\u00f3rzy chc\u0105 dyskretnie pokaza\u0107, \u017ce nale\u017c\u0105 do ruchu Ultras! W\u0142a\u015bnie o to chodzi w koszulce z linii <a href=\"https:\/\/pgwear.net\/pl\/tag\/no-respect\/\">NO RESPECT<\/a>!<\/p>\n","protected":false},"excerpt":{"rendered":"<p>Minimalistyczny design dla tych, kt\u00f3rzy chc\u0105 pozosta\u0107 anonimowi na stadionie! Prosty kr\u00f3j z bia\u0142ym paskiem po\u015brodku koszulki po\u0142\u0105czony z wysok\u0105 jako\u015bci\u0105 materia\u0142u, dla tych, kt\u00f3rzy chc\u0105 zachowa\u0107 styl na ulicy oraz ma\u0142e logo &#8211; czarna kominiarka dla tych, kt\u00f3rzy chc\u0105 dyskretnie pokaza\u0107, \u017ce nale\u017c\u0105 do ruchu Ultras!<\/p>\n","protected":false},"featured_media":100569,"template":"","meta":{"_acf_changed":false},"product_brand":[],"product_cat":[3497],"product_tag":[1974],"class_list":{"0":"post-100422","1":"product","2":"type-product","3":"status-publish","4":"has-post-thumbnail","6":"product_cat-no-respect","7":"product_tag-no-respect","8":"pa_gramatura-180-gr-m2","9":"pa_kolor-czarny","10":"pa_kroj-klasyczny","11":"pa_material-100-bawelna","12":"pa_rozmiar-l","13":"pa_rozmiar-m","14":"pa_rozmiar-s","15":"pa_rozmiar-xl","16":"pa_rozmiar-xxl","17":"pa_rozmiar-xxxl","18":"feature-motyw-kominiarki","20":"first","21":"outofstock","22":"taxable","23":"shipping-taxable","24":"product-type-variable"},"acf":[],"_links":{"self":[{"href":"https:\/\/pgwear.net\/pl\/wp-json\/wp\/v2\/product\/100422","targetHints":{"allow":["GET"]}}],"collection":[{"href":"https:\/\/pgwear.net\/pl\/wp-json\/wp\/v2\/product"}],"about":[{"href":"https:\/\/pgwear.net\/pl\/wp-json\/wp\/v2\/types\/product"}],"wp:featuredmedia":[{"embeddable":true,"href":"https:\/\/pgwear.net\/pl\/wp-json\/wp\/v2\/media\/100569"}],"wp:attachment":[{"href":"https:\/\/pgwear.net\/pl\/wp-json\/wp\/v2\/media?parent=100422"}],"wp:term":[{"taxonomy":"product_brand","embeddable":true,"href":"https:\/\/pgwear.net\/pl\/wp-json\/wp\/v2\/product_brand?post=100422"},{"taxonomy":"product_cat","embeddable":true,"href":"https:\/\/pgwear.net\/pl\/wp-json\/wp\/v2\/product_cat?post=100422"},{"taxonomy":"product_tag","embeddable":true,"href":"https:\/\/pgwear.net\/pl\/wp-json\/wp\/v2\/product_tag?post=100422"}],"curies":[{"name":"wp","href":"https:\/\/api.w.org\/{rel}","templated":true}]}}