{"id":101927,"date":"2023-09-25T12:27:56","date_gmt":"2023-09-25T10:27:56","guid":{"rendered":"https:\/\/pgwear.net\/p\/aw23-kurtka-z-kominiarka-himalaya-czarna\/"},"modified":"2026-03-06T11:59:07","modified_gmt":"2026-03-06T10:59:07","slug":"kurtka-z-kominiarka-himalaya-czarna","status":"publish","type":"product","link":"https:\/\/pgwear.net\/pl\/p\/kurtka-z-kominiarka-himalaya-czarna\/","title":{"rendered":"Kurtka z kominiark\u0105 &#8220;Himalaya&#8221; Czarna"},"content":{"rendered":"<p>Czy jeste\u015b niezadowolony ze swojej <a href=\"https:\/\/pgwear.net\/pl\/c\/kurtki\/\">kurtki<\/a>, pomimo \u017ce jest <a href=\"https:\/\/pgwear.net\/pl\/feature\/wodoodporny\/\">przeciwdeszczowa<\/a>, ale brakuje jej charakteru? PGWEAR ULTRAS SHOP ma wreszcie dla Ciebie idealne rozwi\u0105zanie! Ciep\u0142a, wodoodporna kurtka zimowa w stylu ultras <a href=\"https:\/\/pgwear.net\/pl\/feature\/wbudowana-kominiarka\/\">z wszyt\u0105 w kaptur kominiark\u0105 z siateczki<\/a>! Poznaj najnowsz\u0105 model kurtki HIMALAYA! Ten produkt zapewni ci ciep\u0142o i stylowy wygl\u0105d, zar\u00f3wno na ulicy, jak i na stadionie!<\/p>\n","protected":false},"excerpt":{"rendered":"<p>Czy jeste\u015b niezadowolony ze swojej kurtki, pomimo \u017ce jest przeciwdeszczowa, ale brakuje jej charakteru?<\/p>\n","protected":false},"featured_media":102210,"template":"","meta":{"_acf_changed":false},"product_brand":[],"product_cat":[366,3486,376],"product_tag":[],"class_list":{"0":"post-101927","1":"product","2":"type-product","3":"status-publish","4":"has-post-thumbnail","6":"product_cat-kurtki","7":"product_cat-kurtki-zimowe","8":"product_cat-nowosci","9":"pa_kolor-czarny","10":"pa_material-100-poliester","11":"pa_rozmiar-l","12":"pa_rozmiar-m","13":"pa_rozmiar-s","14":"pa_rozmiar-xl","15":"pa_rozmiar-xxl","16":"pa_rozmiar-xxxl","17":"feature-wbudowana-kominiarka","18":"feature-wodoodporny","20":"first","21":"outofstock","22":"taxable","23":"shipping-taxable","24":"product-type-variable"},"acf":[],"_links":{"self":[{"href":"https:\/\/pgwear.net\/pl\/wp-json\/wp\/v2\/product\/101927","targetHints":{"allow":["GET"]}}],"collection":[{"href":"https:\/\/pgwear.net\/pl\/wp-json\/wp\/v2\/product"}],"about":[{"href":"https:\/\/pgwear.net\/pl\/wp-json\/wp\/v2\/types\/product"}],"wp:featuredmedia":[{"embeddable":true,"href":"https:\/\/pgwear.net\/pl\/wp-json\/wp\/v2\/media\/102210"}],"wp:attachment":[{"href":"https:\/\/pgwear.net\/pl\/wp-json\/wp\/v2\/media?parent=101927"}],"wp:term":[{"taxonomy":"product_brand","embeddable":true,"href":"https:\/\/pgwear.net\/pl\/wp-json\/wp\/v2\/product_brand?post=101927"},{"taxonomy":"product_cat","embeddable":true,"href":"https:\/\/pgwear.net\/pl\/wp-json\/wp\/v2\/product_cat?post=101927"},{"taxonomy":"product_tag","embeddable":true,"href":"https:\/\/pgwear.net\/pl\/wp-json\/wp\/v2\/product_tag?post=101927"}],"curies":[{"name":"wp","href":"https:\/\/api.w.org\/{rel}","templated":true}]}}