{"id":102107,"date":"2023-09-26T08:31:03","date_gmt":"2023-09-26T06:31:03","guid":{"rendered":"https:\/\/pgwear.net\/p\/aw23se-t-shirt-thank-you-mom-white\/"},"modified":"2026-04-17T11:57:23","modified_gmt":"2026-04-17T09:57:23","slug":"t-shirt-thank-you-mom-bialy","status":"publish","type":"product","link":"https:\/\/pgwear.net\/pl\/p\/t-shirt-thank-you-mom-bialy\/","title":{"rendered":"T-shirt &#8220;Thank you Mom&#8221; Bia\u0142y"},"content":{"rendered":"<p>Tak, to ojcowie po raz pierwszy zabieraj\u0105 nas na stadion! Z ojca na syna \u2013 chcemy kontynuowa\u0107 t\u0119 nieko\u0144cz\u0105c\u0105 si\u0119, pi\u0119kn\u0105 tradycj\u0119! Ale nie mo\u017cemy te\u017c zapomina\u0107 o matkach \u2013 to kobiety, kt\u00f3re nas urodzi\u0142y, wychowa\u0142y, nakarmi\u0142y i opiekowa\u0142y si\u0119 nami. Rozumiej\u0105 nas i wspieraj\u0105 nawet w najtrudniejszych chwilach i nigdy si\u0119 nie odwracaj\u0105! To w\u0142a\u015bnie one nigdy nie p\u00f3jd\u0105 spa\u0107, dop\u00f3ki bezpiecznie nie wr\u00f3cimy z meczu, nawet gdy ju\u017c jeste\u015bmy doro\u015bli \ud83d\ude42 Dzi\u0119ki mamo!<\/p>\n","protected":false},"excerpt":{"rendered":"<p>Tak, to ojcowie po raz pierwszy zabieraj\u0105 nas na stadion! Z ojca na syna \u2013 chcemy kontynuowa\u0107 t\u0119 nieko\u0144cz\u0105c\u0105 si\u0119, pi\u0119kn\u0105 tradycj\u0119!<\/p>\n","protected":false},"featured_media":102115,"template":"","meta":{"_acf_changed":false},"product_brand":[],"product_cat":[372],"product_tag":[3839,3277,2837],"class_list":{"0":"post-102107","1":"product","2":"type-product","3":"status-publish","4":"has-post-thumbnail","6":"product_cat-t-shirty","7":"product_tag-blue-monday","8":"product_tag-ostatnie-sztuki","9":"product_tag-sale","10":"pa_gramatura-180-gr-m2","11":"pa_kolor-bialy","12":"pa_material-100-bawelna","13":"pa_nadruk-duzy-nadruk-na-klatce-piersiowej","14":"pa_rozmiar-l","15":"pa_rozmiar-m","16":"pa_rozmiar-s","17":"pa_rozmiar-xl","18":"pa_rozmiar-xxl","19":"pa_rozmiar-xxxl","21":"first","22":"instock","23":"sale","24":"taxable","25":"shipping-taxable","26":"purchasable","27":"product-type-variable"},"acf":[],"_links":{"self":[{"href":"https:\/\/pgwear.net\/pl\/wp-json\/wp\/v2\/product\/102107","targetHints":{"allow":["GET"]}}],"collection":[{"href":"https:\/\/pgwear.net\/pl\/wp-json\/wp\/v2\/product"}],"about":[{"href":"https:\/\/pgwear.net\/pl\/wp-json\/wp\/v2\/types\/product"}],"wp:featuredmedia":[{"embeddable":true,"href":"https:\/\/pgwear.net\/pl\/wp-json\/wp\/v2\/media\/102115"}],"wp:attachment":[{"href":"https:\/\/pgwear.net\/pl\/wp-json\/wp\/v2\/media?parent=102107"}],"wp:term":[{"taxonomy":"product_brand","embeddable":true,"href":"https:\/\/pgwear.net\/pl\/wp-json\/wp\/v2\/product_brand?post=102107"},{"taxonomy":"product_cat","embeddable":true,"href":"https:\/\/pgwear.net\/pl\/wp-json\/wp\/v2\/product_cat?post=102107"},{"taxonomy":"product_tag","embeddable":true,"href":"https:\/\/pgwear.net\/pl\/wp-json\/wp\/v2\/product_tag?post=102107"}],"curies":[{"name":"wp","href":"https:\/\/api.w.org\/{rel}","templated":true}]}}