{"id":102255,"date":"2023-09-26T11:48:44","date_gmt":"2023-09-26T09:48:44","guid":{"rendered":"https:\/\/pgwear.net\/p\/aw23se-t-shirt-travelsupport-vw-white\/"},"modified":"2026-03-31T13:19:32","modified_gmt":"2026-03-31T11:19:32","slug":"t-shirt-travelsupport-vw-biala","status":"publish","type":"product","link":"https:\/\/pgwear.net\/pl\/p\/t-shirt-travelsupport-vw-biala\/","title":{"rendered":"T-shirt &#8220;Travel&#038;Support VW&#8221; Bia\u0142a"},"content":{"rendered":"<p>Czy jest co\u015b lepszego ni\u017c sp\u0119dzenie weekendu na <a href=\"https:\/\/pgwear.net\/pl\/feature\/wyjazd\/\">meczu wyjazdowym<\/a> i kibicowanie ukochanej dru\u017cynie pi\u0142karskiej? Oczywi\u015bcie, \u017ce nie! Bo najlepsze dni to dni wyjazdowe! Zgarnij <a href=\"https:\/\/pgwear.net\/pl\/feature\/motyw-piwa\/\">piwo<\/a>, zabierz ze sob\u0105 lojalnych przyjaci\u00f3\u0142, wskoczcie razem do samochodu i przygotujcie si\u0119 na przygod\u0119!<\/p>\n","protected":false},"excerpt":{"rendered":"<p>Czy jest co\u015b lepszego ni\u017c sp\u0119dzenie weekendu na meczu wyjazdowym i kibicowanie ukochanej dru\u017cynie pi\u0142karskiej? Oczywi\u015bcie, \u017ce nie! Bo najlepsze dni to dni wyjazdowe! Zgarnij piwo, zabierz ze sob\u0105 lojalnych przyjaci\u00f3\u0142, wskoczcie razem do samochodu i przygotujcie si\u0119 na przygod\u0119!<\/p>\n","protected":false},"featured_media":102264,"template":"","meta":{"_acf_changed":false},"product_brand":[],"product_cat":[372],"product_tag":[3839,3277,2837],"class_list":{"0":"post-102255","1":"product","2":"type-product","3":"status-publish","4":"has-post-thumbnail","6":"product_cat-t-shirty","7":"product_tag-blue-monday","8":"product_tag-ostatnie-sztuki","9":"product_tag-sale","10":"pa_gramatura-180-gr-m2","11":"pa_kolor-bialy","12":"pa_material-100-bawelna","13":"pa_nadruk-duzy-nadruk-na-klatce-piersiowej","14":"pa_rozmiar-l","15":"pa_rozmiar-m","16":"pa_rozmiar-s","17":"pa_rozmiar-xl","18":"pa_rozmiar-xxl","19":"pa_rozmiar-xxxl","20":"feature-wyjazd","22":"first","23":"instock","24":"sale","25":"taxable","26":"shipping-taxable","27":"purchasable","28":"product-type-variable"},"acf":[],"_links":{"self":[{"href":"https:\/\/pgwear.net\/pl\/wp-json\/wp\/v2\/product\/102255","targetHints":{"allow":["GET"]}}],"collection":[{"href":"https:\/\/pgwear.net\/pl\/wp-json\/wp\/v2\/product"}],"about":[{"href":"https:\/\/pgwear.net\/pl\/wp-json\/wp\/v2\/types\/product"}],"wp:featuredmedia":[{"embeddable":true,"href":"https:\/\/pgwear.net\/pl\/wp-json\/wp\/v2\/media\/102264"}],"wp:attachment":[{"href":"https:\/\/pgwear.net\/pl\/wp-json\/wp\/v2\/media?parent=102255"}],"wp:term":[{"taxonomy":"product_brand","embeddable":true,"href":"https:\/\/pgwear.net\/pl\/wp-json\/wp\/v2\/product_brand?post=102255"},{"taxonomy":"product_cat","embeddable":true,"href":"https:\/\/pgwear.net\/pl\/wp-json\/wp\/v2\/product_cat?post=102255"},{"taxonomy":"product_tag","embeddable":true,"href":"https:\/\/pgwear.net\/pl\/wp-json\/wp\/v2\/product_tag?post=102255"}],"curies":[{"name":"wp","href":"https:\/\/api.w.org\/{rel}","templated":true}]}}