{"id":103030,"date":"2023-09-29T14:09:59","date_gmt":"2023-09-29T12:09:59","guid":{"rendered":"https:\/\/pgwear.net\/p\/aw23se2-bluza-ff-burning-car-czarna\/"},"modified":"2026-04-13T14:48:36","modified_gmt":"2026-04-13T12:48:36","slug":"bluza-z-kominiarka-burning-car-czarna","status":"publish","type":"product","link":"https:\/\/pgwear.net\/pl\/p\/bluza-z-kominiarka-burning-car-czarna\/","title":{"rendered":"Bluza z kominiark\u0105 &#8220;Burning Car&#8221; Czarna"},"content":{"rendered":"<p>Ten obraz mo\u017cesz zobaczy\u0107 na stadionie lub na ulicy podczas najbardziej szalonych mecz\u00f3w pi\u0142karskich! Legendarny projekt od PGWEAR Ultras Shop pojawia si\u0119 w nowej ods\u0142onie! Tym razem jest to czarna bluza z kominiark\u0105 w kapturze! No\u015b ten produkt z dum\u0105 \u2013 <a href=\"https:\/\/pgwear.net\/pl\/feature\/1312\/\">1312<\/a>!<\/p>\n","protected":false},"excerpt":{"rendered":"<p>Ten obraz mo\u017cesz zobaczy\u0107 na stadionie lub na ulicy podczas najbardziej szalonych mecz\u00f3w pi\u0142karskich! Legendarny projekt od PGWEAR Ultras Shop pojawia si\u0119 w nowej ods\u0142onie!<\/p>\n","protected":false},"featured_media":103103,"template":"","meta":{"_acf_changed":false},"product_brand":[],"product_cat":[371,3490,3493],"product_tag":[3277],"class_list":{"0":"post-103030","1":"product","2":"type-product","3":"status-publish","4":"has-post-thumbnail","6":"product_cat-bluzy","7":"product_cat-bluzy-z-kapturem","8":"product_cat-bluzy-z-kominiarka","9":"product_tag-ostatnie-sztuki","10":"pa_kolor-czarny","11":"pa_rozmiar-l","12":"pa_rozmiar-m","13":"pa_rozmiar-s","14":"pa_rozmiar-xl","15":"pa_rozmiar-xxl","16":"pa_rozmiar-xxxl","17":"feature-2211","18":"feature-burning-car","20":"first","21":"instock","22":"sale","23":"taxable","24":"shipping-taxable","25":"purchasable","26":"product-type-variable"},"acf":[],"_links":{"self":[{"href":"https:\/\/pgwear.net\/pl\/wp-json\/wp\/v2\/product\/103030","targetHints":{"allow":["GET"]}}],"collection":[{"href":"https:\/\/pgwear.net\/pl\/wp-json\/wp\/v2\/product"}],"about":[{"href":"https:\/\/pgwear.net\/pl\/wp-json\/wp\/v2\/types\/product"}],"wp:featuredmedia":[{"embeddable":true,"href":"https:\/\/pgwear.net\/pl\/wp-json\/wp\/v2\/media\/103103"}],"wp:attachment":[{"href":"https:\/\/pgwear.net\/pl\/wp-json\/wp\/v2\/media?parent=103030"}],"wp:term":[{"taxonomy":"product_brand","embeddable":true,"href":"https:\/\/pgwear.net\/pl\/wp-json\/wp\/v2\/product_brand?post=103030"},{"taxonomy":"product_cat","embeddable":true,"href":"https:\/\/pgwear.net\/pl\/wp-json\/wp\/v2\/product_cat?post=103030"},{"taxonomy":"product_tag","embeddable":true,"href":"https:\/\/pgwear.net\/pl\/wp-json\/wp\/v2\/product_tag?post=103030"}],"curies":[{"name":"wp","href":"https:\/\/api.w.org\/{rel}","templated":true}]}}