{"id":103037,"date":"2023-09-29T14:10:01","date_gmt":"2023-09-29T12:10:01","guid":{"rendered":"https:\/\/pgwear.net\/p\/aw23se2-bluza-ff-roast-czarna\/"},"modified":"2026-03-26T10:07:27","modified_gmt":"2026-03-26T09:07:27","slug":"bluza-z-kominiarka-roast-czarna","status":"publish","type":"product","link":"https:\/\/pgwear.net\/pl\/p\/bluza-z-kominiarka-roast-czarna\/","title":{"rendered":"Bluza z kominiark\u0105 &#8220;Roast&#8221; Czarna"},"content":{"rendered":"<p>Czy mamy tu mi\u0142o\u015bnik\u00f3w grillowania? Tym razem PGWEAR zaprasza na zmodyfikowane wydarzenie! \u015awi\u0119tuj dzie\u0144 meczu zar\u00f3wno na ulicy, jak i na stadionie, wysy\u0142aj\u0105c odpowiednie policyjne pozdrowienia!<\/p>\n","protected":false},"excerpt":{"rendered":"<p>Czy mamy tu mi\u0142o\u015bnik\u00f3w grillowania? Tym razem PGWEAR zaprasza na zmodyfikowane wydarzenie! \u015awi\u0119tuj dzie\u0144 meczu zar\u00f3wno na ulicy, jak i na stadionie, wysy\u0142aj\u0105c odpowiednie policyjne pozdrowienia!<\/p>\n","protected":false},"featured_media":103582,"template":"","meta":{"_acf_changed":false},"product_brand":[],"product_cat":[371,3490,3493],"product_tag":[],"class_list":{"0":"post-103037","1":"product","2":"type-product","3":"status-publish","4":"has-post-thumbnail","6":"product_cat-bluzy","7":"product_cat-bluzy-z-kapturem","8":"product_cat-bluzy-z-kominiarka","9":"pa_kolor-czarny","10":"pa_rozmiar-l","11":"pa_rozmiar-m","12":"pa_rozmiar-s","13":"pa_rozmiar-xl","14":"pa_rozmiar-xxl","15":"pa_rozmiar-xxxl","16":"feature-2211","17":"feature-acab","19":"first","20":"instock","21":"taxable","22":"shipping-taxable","23":"purchasable","24":"product-type-variable"},"acf":[],"_links":{"self":[{"href":"https:\/\/pgwear.net\/pl\/wp-json\/wp\/v2\/product\/103037","targetHints":{"allow":["GET"]}}],"collection":[{"href":"https:\/\/pgwear.net\/pl\/wp-json\/wp\/v2\/product"}],"about":[{"href":"https:\/\/pgwear.net\/pl\/wp-json\/wp\/v2\/types\/product"}],"wp:featuredmedia":[{"embeddable":true,"href":"https:\/\/pgwear.net\/pl\/wp-json\/wp\/v2\/media\/103582"}],"wp:attachment":[{"href":"https:\/\/pgwear.net\/pl\/wp-json\/wp\/v2\/media?parent=103037"}],"wp:term":[{"taxonomy":"product_brand","embeddable":true,"href":"https:\/\/pgwear.net\/pl\/wp-json\/wp\/v2\/product_brand?post=103037"},{"taxonomy":"product_cat","embeddable":true,"href":"https:\/\/pgwear.net\/pl\/wp-json\/wp\/v2\/product_cat?post=103037"},{"taxonomy":"product_tag","embeddable":true,"href":"https:\/\/pgwear.net\/pl\/wp-json\/wp\/v2\/product_tag?post=103037"}],"curies":[{"name":"wp","href":"https:\/\/api.w.org\/{rel}","templated":true}]}}