{"id":103044,"date":"2023-09-29T14:10:02","date_gmt":"2023-09-29T12:10:02","guid":{"rendered":"https:\/\/pgwear.net\/p\/aw23se2-t-shirt-burning-car-czarny\/"},"modified":"2026-04-08T12:24:17","modified_gmt":"2026-04-08T10:24:17","slug":"t-shirt-burning-car-czarny","status":"publish","type":"product","link":"https:\/\/pgwear.net\/pl\/p\/t-shirt-burning-car-czarny\/","title":{"rendered":"T-shirt &#8220;Burning Car&#8221; Czarny"},"content":{"rendered":"<p>Ten obraz mo\u017cesz zobaczy\u0107 na stadionie lub na ulicy podczas najbardziej szalonych mecz\u00f3w pi\u0142karskich! Legendarny projekt od PGWEAR Ultras Shop pojawia si\u0119 w nowej ods\u0142onie! Tym razem jest to czarny t-shirt! No\u015b ten produkt z dum\u0105 \u2013 <a href=\"https:\/\/pgwear.net\/pl\/feature\/1312\/\">1312<\/a>!<\/p>\n","protected":false},"excerpt":{"rendered":"<p>Ten obraz mo\u017cesz zobaczy\u0107 na stadionie lub na ulicy podczas najbardziej szalonych mecz\u00f3w pi\u0142karskich! Legendarny projekt od PGWEAR Ultras Shop pojawia si\u0119 w nowej ods\u0142onie! Tym razem jest to czarny t-shirt! No\u015b ten produkt z dum\u0105 \u2013 1312!<\/p>\n","protected":false},"featured_media":103051,"template":"","meta":{"_acf_changed":false},"product_brand":[],"product_cat":[372],"product_tag":[],"class_list":{"0":"post-103044","1":"product","2":"type-product","3":"status-publish","4":"has-post-thumbnail","6":"product_cat-t-shirty","7":"pa_kolor-czarny","8":"pa_rozmiar-l","9":"pa_rozmiar-m","10":"pa_rozmiar-s","11":"pa_rozmiar-xl","12":"pa_rozmiar-xxl","13":"pa_rozmiar-xxxl","14":"feature-2211","15":"feature-burning-car","17":"first","18":"instock","19":"taxable","20":"shipping-taxable","21":"purchasable","22":"product-type-variable"},"acf":[],"_links":{"self":[{"href":"https:\/\/pgwear.net\/pl\/wp-json\/wp\/v2\/product\/103044","targetHints":{"allow":["GET"]}}],"collection":[{"href":"https:\/\/pgwear.net\/pl\/wp-json\/wp\/v2\/product"}],"about":[{"href":"https:\/\/pgwear.net\/pl\/wp-json\/wp\/v2\/types\/product"}],"wp:featuredmedia":[{"embeddable":true,"href":"https:\/\/pgwear.net\/pl\/wp-json\/wp\/v2\/media\/103051"}],"wp:attachment":[{"href":"https:\/\/pgwear.net\/pl\/wp-json\/wp\/v2\/media?parent=103044"}],"wp:term":[{"taxonomy":"product_brand","embeddable":true,"href":"https:\/\/pgwear.net\/pl\/wp-json\/wp\/v2\/product_brand?post=103044"},{"taxonomy":"product_cat","embeddable":true,"href":"https:\/\/pgwear.net\/pl\/wp-json\/wp\/v2\/product_cat?post=103044"},{"taxonomy":"product_tag","embeddable":true,"href":"https:\/\/pgwear.net\/pl\/wp-json\/wp\/v2\/product_tag?post=103044"}],"curies":[{"name":"wp","href":"https:\/\/api.w.org\/{rel}","templated":true}]}}