{"id":103530,"date":"2023-10-02T12:45:51","date_gmt":"2023-10-02T10:45:51","guid":{"rendered":"https:\/\/pgwear.net\/p\/aw23se-t-shirt-1312-belt-black\/"},"modified":"2026-03-24T12:29:10","modified_gmt":"2026-03-24T11:29:10","slug":"t-shirt-1312-belt-czarny","status":"publish","type":"product","link":"https:\/\/pgwear.net\/pl\/p\/t-shirt-1312-belt-czarny\/","title":{"rendered":"T-shirt &#8220;1312 Belt&#8221; Czarny"},"content":{"rendered":"<p>Ten nadruk reprezentuje wszystko, czego do\u015bwiadczaj\u0105 fani pi\u0142ki no\u017cnej podczas meczu. Jasne reflektory ukochanego stadionu mog\u0105 czasami zosta\u0107 przy\u0107mione przez naszych g\u0142\u00f3wnych wrog\u00f3w \u2013 gliniarzy! Ale prawdziwi fanatycy pi\u0142ki no\u017cnej zawsze im si\u0119 przeciwstawiaj\u0105! Nigdy si\u0119 nie poddawaj! <a href=\"https:\/\/pgwear.net\/pl\/feature\/1312\/\">1312<\/a>!<\/p>\n","protected":false},"excerpt":{"rendered":"<p>Ten nadruk reprezentuje wszystko, czego do\u015bwiadczaj\u0105 fani pi\u0142ki no\u017cnej podczas meczu. Jasne reflektory ukochanego stadionu mog\u0105 czasami zosta\u0107 przy\u0107mione przez naszych g\u0142\u00f3wnych wrog\u00f3w \u2013 gliniarzy!<\/p>\n","protected":false},"featured_media":103540,"template":"","meta":{"_acf_changed":false},"product_brand":[],"product_cat":[372],"product_tag":[],"class_list":{"0":"post-103530","1":"product","2":"type-product","3":"status-publish","4":"has-post-thumbnail","6":"product_cat-t-shirty","7":"pa_gramatura-180-gr-m2","8":"pa_kolor-czarny","9":"pa_kroj-klasyczny","10":"pa_material-100-bawelna","11":"pa_nadruk-duzy-nadruk-na-klatce-piersiowej","12":"pa_rozmiar-l","13":"pa_rozmiar-m","14":"pa_rozmiar-s","15":"pa_rozmiar-xl","16":"pa_rozmiar-xxl","17":"pa_rozmiar-xxxl","18":"feature-2211","20":"first","21":"instock","22":"taxable","23":"shipping-taxable","24":"purchasable","25":"product-type-variable"},"acf":[],"_links":{"self":[{"href":"https:\/\/pgwear.net\/pl\/wp-json\/wp\/v2\/product\/103530","targetHints":{"allow":["GET"]}}],"collection":[{"href":"https:\/\/pgwear.net\/pl\/wp-json\/wp\/v2\/product"}],"about":[{"href":"https:\/\/pgwear.net\/pl\/wp-json\/wp\/v2\/types\/product"}],"wp:featuredmedia":[{"embeddable":true,"href":"https:\/\/pgwear.net\/pl\/wp-json\/wp\/v2\/media\/103540"}],"wp:attachment":[{"href":"https:\/\/pgwear.net\/pl\/wp-json\/wp\/v2\/media?parent=103530"}],"wp:term":[{"taxonomy":"product_brand","embeddable":true,"href":"https:\/\/pgwear.net\/pl\/wp-json\/wp\/v2\/product_brand?post=103530"},{"taxonomy":"product_cat","embeddable":true,"href":"https:\/\/pgwear.net\/pl\/wp-json\/wp\/v2\/product_cat?post=103530"},{"taxonomy":"product_tag","embeddable":true,"href":"https:\/\/pgwear.net\/pl\/wp-json\/wp\/v2\/product_tag?post=103530"}],"curies":[{"name":"wp","href":"https:\/\/api.w.org\/{rel}","templated":true}]}}