{"id":104400,"date":"2023-10-04T13:01:20","date_gmt":"2023-10-04T11:01:20","guid":{"rendered":"https:\/\/pgwear.net\/p\/aw23se-t-shirt-best-days-train-black\/"},"modified":"2026-03-24T12:29:06","modified_gmt":"2026-03-24T11:29:06","slug":"t-shirt-best-days-train-czarny","status":"publish","type":"product","link":"https:\/\/pgwear.net\/pl\/p\/t-shirt-best-days-train-czarny\/","title":{"rendered":"T-shirt &#8220;Best Days Train&#8221; Czarny"},"content":{"rendered":"<p>Czy jest co\u015b lepszego ni\u017c sp\u0119dzenie weekendu <a href=\"https:\/\/pgwear.net\/pl\/feature\/wyjazd\/\">na meczu wyjazdowym<\/a> i wspieranie swojej ukochanej dru\u017cyny pi\u0142karskiej? Oczywi\u015bcie, \u017ce nie! Bo najlepsze dni to DNI WYJAZDOWE ! Zgarnij <a href=\"https:\/\/pgwear.net\/pl\/feature\/motyw-piwa\/\">piwo<\/a> oraz sob\u0105 lojalnych kumpli, wskoczcie razem do poci\u0105gu i przygotujcie si\u0119 na przygody!<\/p>\n","protected":false},"excerpt":{"rendered":"<p>Czy jest co\u015b lepszego ni\u017c sp\u0119dzenie weekendu na meczu wyjazdowym i wspieranie swojej ukochanej dru\u017cyny pi\u0142karskiej? Oczywi\u015bcie, \u017ce nie! Bo najlepsze dni to DNI WYJAZDOWE ! Zgarnij piwo oraz sob\u0105 lojalnych kumpli, wskoczcie razem do poci\u0105gu i przygotujcie si\u0119 na przygody!<\/p>\n","protected":false},"featured_media":104416,"template":"","meta":{"_acf_changed":false},"product_brand":[],"product_cat":[372],"product_tag":[],"class_list":{"0":"post-104400","1":"product","2":"type-product","3":"status-publish","4":"has-post-thumbnail","6":"product_cat-t-shirty","7":"pa_gramatura-180-gr-m2","8":"pa_kolor-czarny","9":"pa_material-100-bawelna","10":"pa_nadruk-duzy-nadruk-na-klatce-piersiowej","11":"pa_rozmiar-l","12":"pa_rozmiar-m","13":"pa_rozmiar-s","14":"pa_rozmiar-xl","15":"pa_rozmiar-xxl","16":"pa_rozmiar-xxxl","17":"feature-wyjazd","19":"first","20":"instock","21":"taxable","22":"shipping-taxable","23":"purchasable","24":"product-type-variable"},"acf":[],"_links":{"self":[{"href":"https:\/\/pgwear.net\/pl\/wp-json\/wp\/v2\/product\/104400","targetHints":{"allow":["GET"]}}],"collection":[{"href":"https:\/\/pgwear.net\/pl\/wp-json\/wp\/v2\/product"}],"about":[{"href":"https:\/\/pgwear.net\/pl\/wp-json\/wp\/v2\/types\/product"}],"wp:featuredmedia":[{"embeddable":true,"href":"https:\/\/pgwear.net\/pl\/wp-json\/wp\/v2\/media\/104416"}],"wp:attachment":[{"href":"https:\/\/pgwear.net\/pl\/wp-json\/wp\/v2\/media?parent=104400"}],"wp:term":[{"taxonomy":"product_brand","embeddable":true,"href":"https:\/\/pgwear.net\/pl\/wp-json\/wp\/v2\/product_brand?post=104400"},{"taxonomy":"product_cat","embeddable":true,"href":"https:\/\/pgwear.net\/pl\/wp-json\/wp\/v2\/product_cat?post=104400"},{"taxonomy":"product_tag","embeddable":true,"href":"https:\/\/pgwear.net\/pl\/wp-json\/wp\/v2\/product_tag?post=104400"}],"curies":[{"name":"wp","href":"https:\/\/api.w.org\/{rel}","templated":true}]}}