{"id":107539,"date":"2023-10-11T10:34:15","date_gmt":"2023-10-11T08:34:15","guid":{"rendered":"https:\/\/pgwear.net\/p\/aw23se-kominiarka-siatka-skullhead\/"},"modified":"2026-03-19T14:45:16","modified_gmt":"2026-03-19T13:45:16","slug":"kominiarka-siatka-skullhead","status":"publish","type":"product","link":"https:\/\/pgwear.net\/pl\/p\/kominiarka-siatka-skullhead\/","title":{"rendered":"Kominiarka Siatka &#8220;Skullhead&#8221;"},"content":{"rendered":"<p>Uniknij zakazu stadionowego! Zachowaj anonimowo\u015b\u0107 zar\u00f3wno na ulicy, jak i na stadionie przed policj\u0105, kamerami CCTV czy wrogami! istnieje tylko jedna rzecz, kt\u00f3ra mo\u017ce ci w tym pom\u00f3c!<\/p>\n","protected":false},"excerpt":{"rendered":"<p>Uniknij zakazu stadionowego! Zachowaj anonimowo\u015b\u0107 zar\u00f3wno na ulicy, jak i na stadionie przed policj\u0105, kamerami CCTV czy wrogami! istnieje tylko jedna rzecz, kt\u00f3ra mo\u017ce ci w tym pom\u00f3c!<\/p>\n","protected":false},"featured_media":108966,"template":"","meta":{"_acf_changed":false},"product_brand":[],"product_cat":[370,3512,376],"product_tag":[],"class_list":{"0":"post-107539","1":"product","2":"type-product","3":"status-publish","4":"has-post-thumbnail","6":"product_cat-kominiarki","7":"product_cat-komiarki","8":"product_cat-nowosci","9":"pa_kolor-czarny","10":"pa_material-100-poliester","11":"pa_nadruk-nadruk-na-calej-powierzchni","12":"feature-czaszka","13":"feature-kominiarka-full-print","15":"first","16":"instock","17":"taxable","18":"shipping-taxable","19":"purchasable","20":"product-type-simple"},"acf":[],"_links":{"self":[{"href":"https:\/\/pgwear.net\/pl\/wp-json\/wp\/v2\/product\/107539","targetHints":{"allow":["GET"]}}],"collection":[{"href":"https:\/\/pgwear.net\/pl\/wp-json\/wp\/v2\/product"}],"about":[{"href":"https:\/\/pgwear.net\/pl\/wp-json\/wp\/v2\/types\/product"}],"wp:featuredmedia":[{"embeddable":true,"href":"https:\/\/pgwear.net\/pl\/wp-json\/wp\/v2\/media\/108966"}],"wp:attachment":[{"href":"https:\/\/pgwear.net\/pl\/wp-json\/wp\/v2\/media?parent=107539"}],"wp:term":[{"taxonomy":"product_brand","embeddable":true,"href":"https:\/\/pgwear.net\/pl\/wp-json\/wp\/v2\/product_brand?post=107539"},{"taxonomy":"product_cat","embeddable":true,"href":"https:\/\/pgwear.net\/pl\/wp-json\/wp\/v2\/product_cat?post=107539"},{"taxonomy":"product_tag","embeddable":true,"href":"https:\/\/pgwear.net\/pl\/wp-json\/wp\/v2\/product_tag?post=107539"}],"curies":[{"name":"wp","href":"https:\/\/api.w.org\/{rel}","templated":true}]}}