{"id":107668,"date":"2023-10-11T13:09:35","date_gmt":"2023-10-11T11:09:35","guid":{"rendered":"https:\/\/pgwear.net\/p\/aw23se-t-shirt-pigs-dark-grey\/"},"modified":"2026-03-23T07:13:01","modified_gmt":"2026-03-23T06:13:01","slug":"t-shirt-pigs-dark-grey","status":"publish","type":"product","link":"https:\/\/pgwear.net\/pl\/p\/t-shirt-pigs-dark-grey\/","title":{"rendered":"T-shirt &#8220;Pigs&#8221; Dark Grey"},"content":{"rendered":"<p>Policjant, urz\u0119dnik pa\u0144stwowy, prewencja&#8230; niewa\u017cne w jakim dziale pracuj\u0105 i tak ich nie lubimy! Bo niewa\u017cne, czy jeste\u015bmy ultrasami, chuliganami czy zwyk\u0142ymi kibicami, oni zawsze b\u0119d\u0105 przeciwko nam. Wierzymy, \u017ce s\u0105&#8230; tym, co jest przedstawione na tej <a href=\"https:\/\/pgwear.net\/pl\/c\/t-shirty\/\">koszulce<\/a>! \ud83d\ude09 <a href=\"https:\/\/pgwear.net\/pl\/feature\/acab\/\">ACAB<\/a> na ulicach i stadionach ca\u0142ego \u015bwiata! <a href=\"https:\/\/pgwear.net\/pl\/feature\/1312\/\">1312<\/a>!<\/p>\n","protected":false},"excerpt":{"rendered":"<p>Policjant, urz\u0119dnik pa\u0144stwowy, prewencja&#8230; niewa\u017cne w jakim dziale pracuj\u0105 i tak ich nie lubimy!<\/p>\n","protected":false},"featured_media":107675,"template":"","meta":{"_acf_changed":false},"product_brand":[],"product_cat":[376,372],"product_tag":[2837],"class_list":{"0":"post-107668","1":"product","2":"type-product","3":"status-publish","4":"has-post-thumbnail","6":"product_cat-nowosci","7":"product_cat-t-shirty","8":"product_tag-sale","9":"pa_gramatura-180-gr-m2","10":"pa_kolor-ciemny-szary","11":"pa_kroj-klasyczny","12":"pa_material-100-bawelna","13":"pa_nadruk-duzy-nadruk-na-klatce-piersiowej","14":"pa_rozmiar-l","15":"pa_rozmiar-m","16":"pa_rozmiar-s","17":"pa_rozmiar-xl","18":"pa_rozmiar-xxl","19":"pa_rozmiar-xxxl","20":"feature-acab","22":"first","23":"instock","24":"taxable","25":"shipping-taxable","26":"purchasable","27":"product-type-variable"},"acf":[],"_links":{"self":[{"href":"https:\/\/pgwear.net\/pl\/wp-json\/wp\/v2\/product\/107668","targetHints":{"allow":["GET"]}}],"collection":[{"href":"https:\/\/pgwear.net\/pl\/wp-json\/wp\/v2\/product"}],"about":[{"href":"https:\/\/pgwear.net\/pl\/wp-json\/wp\/v2\/types\/product"}],"wp:featuredmedia":[{"embeddable":true,"href":"https:\/\/pgwear.net\/pl\/wp-json\/wp\/v2\/media\/107675"}],"wp:attachment":[{"href":"https:\/\/pgwear.net\/pl\/wp-json\/wp\/v2\/media?parent=107668"}],"wp:term":[{"taxonomy":"product_brand","embeddable":true,"href":"https:\/\/pgwear.net\/pl\/wp-json\/wp\/v2\/product_brand?post=107668"},{"taxonomy":"product_cat","embeddable":true,"href":"https:\/\/pgwear.net\/pl\/wp-json\/wp\/v2\/product_cat?post=107668"},{"taxonomy":"product_tag","embeddable":true,"href":"https:\/\/pgwear.net\/pl\/wp-json\/wp\/v2\/product_tag?post=107668"}],"curies":[{"name":"wp","href":"https:\/\/api.w.org\/{rel}","templated":true}]}}