{"id":107914,"date":"2023-10-12T13:15:10","date_gmt":"2023-10-12T11:15:10","guid":{"rendered":"https:\/\/pgwear.net\/p\/aw23se-kominiarka-siatka-clown\/"},"modified":"2026-03-20T14:09:15","modified_gmt":"2026-03-20T13:09:15","slug":"kominiarka-siatka-clown","status":"publish","type":"product","link":"https:\/\/pgwear.net\/pl\/p\/kominiarka-siatka-clown\/","title":{"rendered":"Kominiarka Siatka &#8220;Clown&#8221;"},"content":{"rendered":"<p>Uniknij zakazu stadionowego! Zachowaj anonimowo\u015b\u0107 zar\u00f3wno na ulicy, jak i na stadionie przed policj\u0105, kamerami CCTV czy wrogami! istnieje tylko jedna rzecz, kt\u00f3ra mo\u017ce ci w tym pom\u00f3c!<\/p>\n","protected":false},"excerpt":{"rendered":"<p>Uniknij zakazu stadionowego! Zachowaj anonimowo\u015b\u0107 zar\u00f3wno na ulicy, jak i na stadionie przed policj\u0105, kamerami CCTV czy wrogami! istnieje tylko jedna rzecz, kt\u00f3ra mo\u017ce ci w tym pom\u00f3c!<\/p>\n","protected":false},"featured_media":109037,"template":"","meta":{"_acf_changed":false},"product_brand":[],"product_cat":[3512,370,376],"product_tag":[],"class_list":{"0":"post-107914","1":"product","2":"type-product","3":"status-publish","4":"has-post-thumbnail","6":"product_cat-komiarki","7":"product_cat-kominiarki","8":"product_cat-nowosci","9":"pa_kolor-bialy","10":"pa_kolor-czarny","11":"pa_kolor-czerwony","12":"pa_material-100-poliester","13":"pa_nadruk-nadruk-na-calej-powierzchni","14":"feature-kominiarka-full-print","16":"first","17":"instock","18":"taxable","19":"shipping-taxable","20":"purchasable","21":"product-type-simple"},"acf":[],"_links":{"self":[{"href":"https:\/\/pgwear.net\/pl\/wp-json\/wp\/v2\/product\/107914","targetHints":{"allow":["GET"]}}],"collection":[{"href":"https:\/\/pgwear.net\/pl\/wp-json\/wp\/v2\/product"}],"about":[{"href":"https:\/\/pgwear.net\/pl\/wp-json\/wp\/v2\/types\/product"}],"wp:featuredmedia":[{"embeddable":true,"href":"https:\/\/pgwear.net\/pl\/wp-json\/wp\/v2\/media\/109037"}],"wp:attachment":[{"href":"https:\/\/pgwear.net\/pl\/wp-json\/wp\/v2\/media?parent=107914"}],"wp:term":[{"taxonomy":"product_brand","embeddable":true,"href":"https:\/\/pgwear.net\/pl\/wp-json\/wp\/v2\/product_brand?post=107914"},{"taxonomy":"product_cat","embeddable":true,"href":"https:\/\/pgwear.net\/pl\/wp-json\/wp\/v2\/product_cat?post=107914"},{"taxonomy":"product_tag","embeddable":true,"href":"https:\/\/pgwear.net\/pl\/wp-json\/wp\/v2\/product_tag?post=107914"}],"curies":[{"name":"wp","href":"https:\/\/api.w.org\/{rel}","templated":true}]}}