{"id":108250,"date":"2023-10-13T12:28:54","date_gmt":"2023-10-13T10:28:54","guid":{"rendered":"https:\/\/pgwear.net\/p\/aw23se-kominiarka-siatka-shadow-biala-no-respect\/"},"modified":"2026-03-17T10:53:11","modified_gmt":"2026-03-17T09:53:11","slug":"kominiarka-siatka-shadow-biala-no-respect","status":"publish","type":"product","link":"https:\/\/pgwear.net\/pl\/p\/kominiarka-siatka-shadow-biala-no-respect\/","title":{"rendered":"Kominiarka Siatka &#8220;Shadow&#8221; Bia\u0142a No Respect"},"content":{"rendered":"<p>Od lat 70-tych do dzi\u015b istnieje na rynku tylko jeden produkt, kt\u00f3ry s\u0142u\u017cy do ochrony twarzy przed policj\u0105, kamerami CCTV czy wrogami na ulicy w dniu meczu lub na stadionie. Tak, to w\u0142a\u015bnie kominiarka!<\/p>\n","protected":false},"excerpt":{"rendered":"<p>Od lat 70-tych do dzi\u015b istnieje na rynku tylko jeden produkt, kt\u00f3ry s\u0142u\u017cy do ochrony twarzy przed policj\u0105, kamerami CCTV czy wrogami na ulicy w dniu meczu lub na stadionie. Tak, to w\u0142a\u015bnie kominiarka!<\/p>\n","protected":false},"featured_media":108259,"template":"","meta":{"_acf_changed":false},"product_brand":[],"product_cat":[370],"product_tag":[1974],"class_list":{"0":"post-108250","1":"product","2":"type-product","3":"status-publish","4":"has-post-thumbnail","6":"product_cat-kominiarki","7":"product_tag-no-respect","8":"pa_kolor-bialy-czarny","9":"feature-kominiarka-full-print","11":"first","12":"instock","13":"taxable","14":"shipping-taxable","15":"purchasable","16":"product-type-simple"},"acf":[],"_links":{"self":[{"href":"https:\/\/pgwear.net\/pl\/wp-json\/wp\/v2\/product\/108250","targetHints":{"allow":["GET"]}}],"collection":[{"href":"https:\/\/pgwear.net\/pl\/wp-json\/wp\/v2\/product"}],"about":[{"href":"https:\/\/pgwear.net\/pl\/wp-json\/wp\/v2\/types\/product"}],"wp:featuredmedia":[{"embeddable":true,"href":"https:\/\/pgwear.net\/pl\/wp-json\/wp\/v2\/media\/108259"}],"wp:attachment":[{"href":"https:\/\/pgwear.net\/pl\/wp-json\/wp\/v2\/media?parent=108250"}],"wp:term":[{"taxonomy":"product_brand","embeddable":true,"href":"https:\/\/pgwear.net\/pl\/wp-json\/wp\/v2\/product_brand?post=108250"},{"taxonomy":"product_cat","embeddable":true,"href":"https:\/\/pgwear.net\/pl\/wp-json\/wp\/v2\/product_cat?post=108250"},{"taxonomy":"product_tag","embeddable":true,"href":"https:\/\/pgwear.net\/pl\/wp-json\/wp\/v2\/product_tag?post=108250"}],"curies":[{"name":"wp","href":"https:\/\/api.w.org\/{rel}","templated":true}]}}