{"id":108986,"date":"2023-10-17T08:37:43","date_gmt":"2023-10-17T06:37:43","guid":{"rendered":"https:\/\/pgwear.net\/p\/aw23se-kominiarka-siatka-pumpkin\/"},"modified":"2026-04-13T14:12:19","modified_gmt":"2026-04-13T12:12:19","slug":"kominiarka-siatka-pumpkin","status":"publish","type":"product","link":"https:\/\/pgwear.net\/pl\/p\/kominiarka-siatka-pumpkin\/","title":{"rendered":"Kominiarka Siatka &#8220;Pumpkin&#8221;"},"content":{"rendered":"<p>Uniknij zakazu stadionowego! Zachowaj anonimowo\u015b\u0107 zar\u00f3wno na ulicy, jak i na stadionie przed policj\u0105, kamerami CCTV czy wrogami! istnieje tylko jedna rzecz, kt\u00f3ra mo\u017ce ci w tym pom\u00f3c!<\/p>\n","protected":false},"excerpt":{"rendered":"<p>Uniknij zakazu stadionowego! Zachowaj anonimowo\u015b\u0107 zar\u00f3wno na ulicy, jak i na stadionie przed policj\u0105, kamerami CCTV czy wrogami! istnieje tylko jedna rzecz, kt\u00f3ra mo\u017ce ci w tym pom\u00f3c!<\/p>\n","protected":false},"featured_media":108988,"template":"","meta":{"_acf_changed":false},"product_brand":[],"product_cat":[370,3512,376],"product_tag":[],"class_list":{"0":"post-108986","1":"product","2":"type-product","3":"status-publish","4":"has-post-thumbnail","6":"product_cat-kominiarki","7":"product_cat-komiarki","8":"product_cat-nowosci","9":"pa_kolor-czarny","10":"pa_material-100-poliester","11":"pa_nadruk-nadruk-na-calej-powierzchni","12":"feature-kominiarka-full-print","14":"first","15":"instock","16":"taxable","17":"shipping-taxable","18":"purchasable","19":"product-type-simple"},"acf":[],"_links":{"self":[{"href":"https:\/\/pgwear.net\/pl\/wp-json\/wp\/v2\/product\/108986","targetHints":{"allow":["GET"]}}],"collection":[{"href":"https:\/\/pgwear.net\/pl\/wp-json\/wp\/v2\/product"}],"about":[{"href":"https:\/\/pgwear.net\/pl\/wp-json\/wp\/v2\/types\/product"}],"wp:featuredmedia":[{"embeddable":true,"href":"https:\/\/pgwear.net\/pl\/wp-json\/wp\/v2\/media\/108988"}],"wp:attachment":[{"href":"https:\/\/pgwear.net\/pl\/wp-json\/wp\/v2\/media?parent=108986"}],"wp:term":[{"taxonomy":"product_brand","embeddable":true,"href":"https:\/\/pgwear.net\/pl\/wp-json\/wp\/v2\/product_brand?post=108986"},{"taxonomy":"product_cat","embeddable":true,"href":"https:\/\/pgwear.net\/pl\/wp-json\/wp\/v2\/product_cat?post=108986"},{"taxonomy":"product_tag","embeddable":true,"href":"https:\/\/pgwear.net\/pl\/wp-json\/wp\/v2\/product_tag?post=108986"}],"curies":[{"name":"wp","href":"https:\/\/api.w.org\/{rel}","templated":true}]}}