{"id":109057,"date":"2023-10-17T10:53:13","date_gmt":"2023-10-17T08:53:13","guid":{"rendered":"https:\/\/pgwear.net\/p\/aw23se-t-shirt-cazy-wife-dark-grey\/"},"modified":"2026-03-23T07:13:01","modified_gmt":"2026-03-23T06:13:01","slug":"t-shirt-crazy-wife-dark-grey","status":"publish","type":"product","link":"https:\/\/pgwear.net\/pl\/p\/t-shirt-crazy-wife-dark-grey\/","title":{"rendered":"T-shirt &#8220;Crazy wife&#8221; Dark Grey"},"content":{"rendered":"<p>Bycie fanem pi\u0142ki no\u017cnej, chuliganem lub ultrasem zawsze stanowi wyzwanie, je\u015bli chodzi o zwi\u0105zek. Poniewa\u017c nasze kobiety zazwyczaj nie s\u0105 szcz\u0119\u015bliwe, gdy sw\u00f3j wolny czas po\u015bwi\u0119camy na spotkania w pubie z kumplami, <a href=\"https:\/\/pgwear.net\/pl\/feature\/wyjazd\/\">mecze wyjazdowe<\/a> lub na wizyt\u0119 na lokalnej trybunie. Musimy wi\u0119c szybko ucieka\u0107 z domu! \ud83d\ude09<\/p>\n","protected":false},"excerpt":{"rendered":"<p>Bycie fanem pi\u0142ki no\u017cnej, chuliganem lub ultrasem zawsze stanowi wyzwanie, je\u015bli chodzi o zwi\u0105zek. Poniewa\u017c nasze kobiety zazwyczaj nie s\u0105 szcz\u0119\u015bliwe, gdy sw\u00f3j wolny czas po\u015bwi\u0119camy na spotkania w pubie z kumplami, mecze wyjazdowe lub na wizyt\u0119 w lokalnym stoisku. Musimy wi\u0119c szybko ucieka\u0107 z domu! \ud83d\ude09<\/p>\n","protected":false},"featured_media":109073,"template":"","meta":{"_acf_changed":false},"product_brand":[],"product_cat":[372],"product_tag":[3845,2837],"class_list":{"0":"post-109057","1":"product","2":"type-product","3":"status-publish","4":"has-post-thumbnail","6":"product_cat-t-shirty","7":"product_tag-love","8":"product_tag-sale","9":"pa_gramatura-180-gr-m2","10":"pa_kolor-ciemny-szary","11":"pa_kroj-klasyczny","12":"pa_material-100-bawelna","13":"pa_nadruk-duzy-nadruk-na-klatce-piersiowej","14":"pa_rozmiar-l","15":"pa_rozmiar-m","16":"pa_rozmiar-s","17":"pa_rozmiar-xl","18":"pa_rozmiar-xxl","19":"pa_rozmiar-xxxl","21":"first","22":"instock","23":"taxable","24":"shipping-taxable","25":"purchasable","26":"product-type-variable"},"acf":[],"_links":{"self":[{"href":"https:\/\/pgwear.net\/pl\/wp-json\/wp\/v2\/product\/109057","targetHints":{"allow":["GET"]}}],"collection":[{"href":"https:\/\/pgwear.net\/pl\/wp-json\/wp\/v2\/product"}],"about":[{"href":"https:\/\/pgwear.net\/pl\/wp-json\/wp\/v2\/types\/product"}],"wp:featuredmedia":[{"embeddable":true,"href":"https:\/\/pgwear.net\/pl\/wp-json\/wp\/v2\/media\/109073"}],"wp:attachment":[{"href":"https:\/\/pgwear.net\/pl\/wp-json\/wp\/v2\/media?parent=109057"}],"wp:term":[{"taxonomy":"product_brand","embeddable":true,"href":"https:\/\/pgwear.net\/pl\/wp-json\/wp\/v2\/product_brand?post=109057"},{"taxonomy":"product_cat","embeddable":true,"href":"https:\/\/pgwear.net\/pl\/wp-json\/wp\/v2\/product_cat?post=109057"},{"taxonomy":"product_tag","embeddable":true,"href":"https:\/\/pgwear.net\/pl\/wp-json\/wp\/v2\/product_tag?post=109057"}],"curies":[{"name":"wp","href":"https:\/\/api.w.org\/{rel}","templated":true}]}}