{"id":109644,"date":"2023-10-19T10:48:04","date_gmt":"2023-10-19T08:48:04","guid":{"rendered":"https:\/\/pgwear.net\/p\/aw23p-t-shirt-elios-granatowy\/"},"modified":"2026-03-23T07:12:12","modified_gmt":"2026-03-23T06:12:12","slug":"t-shirt-elios-granatowy","status":"publish","type":"product","link":"https:\/\/pgwear.net\/pl\/p\/t-shirt-elios-granatowy\/","title":{"rendered":"T-shirt &#8220;Elios&#8221; Granatowy"},"content":{"rendered":"<p>Poznaj bohatera trybun, mistrza \u015bwiat\u0142a! Czerwona raca ELIOS! Ten produkt reprezentuje nasz\u0105 pasj\u0119, emocje i zaanga\u017cowanie podczas gry ukochanej dru\u017cyny pi\u0142karskiej i jest niezast\u0105pion\u0105 cz\u0119\u015bci\u0105 ka\u017cdej oprawy! Do\u0142\u0105cz do ruchu <a href=\"https:\/\/pgwear.net\/pl\/feature\/motyw-pyro\/\">PYRO<\/a> i no\u015b t\u0119 <a href=\"https:\/\/pgwear.net\/pl\/c\/t-shirty\/\">koszulk\u0119<\/a> z dum\u0105 zar\u00f3wno na ulicy, jak i na stadionie!<\/p>\n","protected":false},"excerpt":{"rendered":"<p>Poznaj bohatera trybun, mistrza \u015bwiat\u0142a! Czerwona raca ELIOS! Ten produkt reprezentuje nasz\u0105 pasj\u0119, emocje i zaanga\u017cowanie podczas gry ukochanej dru\u017cyny pi\u0142karskiej i jest niezast\u0105pion\u0105 cz\u0119\u015bci\u0105 ka\u017cdej oprawy!<\/p>\n","protected":false},"featured_media":109679,"template":"","meta":{"_acf_changed":false},"product_brand":[],"product_cat":[372],"product_tag":[2837],"class_list":{"0":"post-109644","1":"product","2":"type-product","3":"status-publish","4":"has-post-thumbnail","6":"product_cat-t-shirty","7":"product_tag-sale","8":"pa_gramatura-180-gr-m2","9":"pa_kolor-grafitowy","10":"pa_kroj-klasyczny","11":"pa_material-100-bawelna","12":"pa_nadruk-duzy-nadruk-na-plecach","13":"pa_nadruk-nadruk-na-sercu","14":"pa_rozmiar-l","15":"pa_rozmiar-m","16":"pa_rozmiar-s","17":"pa_rozmiar-xl","18":"pa_rozmiar-xxl","19":"pa_rozmiar-xxxl","20":"feature-motyw-pyro","22":"first","23":"instock","24":"taxable","25":"shipping-taxable","26":"purchasable","27":"product-type-variable"},"acf":[],"_links":{"self":[{"href":"https:\/\/pgwear.net\/pl\/wp-json\/wp\/v2\/product\/109644","targetHints":{"allow":["GET"]}}],"collection":[{"href":"https:\/\/pgwear.net\/pl\/wp-json\/wp\/v2\/product"}],"about":[{"href":"https:\/\/pgwear.net\/pl\/wp-json\/wp\/v2\/types\/product"}],"wp:featuredmedia":[{"embeddable":true,"href":"https:\/\/pgwear.net\/pl\/wp-json\/wp\/v2\/media\/109679"}],"wp:attachment":[{"href":"https:\/\/pgwear.net\/pl\/wp-json\/wp\/v2\/media?parent=109644"}],"wp:term":[{"taxonomy":"product_brand","embeddable":true,"href":"https:\/\/pgwear.net\/pl\/wp-json\/wp\/v2\/product_brand?post=109644"},{"taxonomy":"product_cat","embeddable":true,"href":"https:\/\/pgwear.net\/pl\/wp-json\/wp\/v2\/product_cat?post=109644"},{"taxonomy":"product_tag","embeddable":true,"href":"https:\/\/pgwear.net\/pl\/wp-json\/wp\/v2\/product_tag?post=109644"}],"curies":[{"name":"wp","href":"https:\/\/api.w.org\/{rel}","templated":true}]}}