{"id":111438,"date":"2023-10-27T12:05:49","date_gmt":"2023-10-27T10:05:49","guid":{"rendered":"https:\/\/pgwear.net\/p\/ch23-blind-box-5-t-shirtow\/"},"modified":"2026-03-17T14:32:45","modified_gmt":"2026-03-17T13:32:45","slug":"ch23-blind-box-5-t-shirtow","status":"publish","type":"product","link":"https:\/\/pgwear.net\/pl\/p\/ch23-blind-box-5-t-shirtow\/","title":{"rendered":"Blind Box 5 T-shirt\u00f3w"},"content":{"rendered":"<p>Ta oferta jest prawdziwym hitem ka\u017cdego sezonu i b\u0119dzie wielk\u0105 niespodziank\u0105 dla ka\u017cdego, kto zostanie ni\u0105 obdarowany. Wystarczy wybra\u0107 rozmiar i kategori\u0119 produktu, tajemnic\u0105 pozostanie, kt\u00f3ry dok\u0142adnie produkt trafi do \u015brodka. Kupuj\u0105c blindboxy dostajesz najlepszej jako\u015bci produkty w du\u017co ni\u017cszej cenie!<\/p>\n","protected":false},"excerpt":{"rendered":"<p>Blind Box 5 T-shirt\u00f3w \u2013 kup 5 koszulek za 551,54 PLN i oszcz\u0119d\u017a nawet 827,31 PLN!<\/p>\n","protected":false},"featured_media":111520,"template":"","meta":{"_acf_changed":false},"product_brand":[],"product_cat":[3498,1814,376,372],"product_tag":[1478],"class_list":{"0":"post-111438","1":"product","2":"type-product","3":"status-publish","4":"has-post-thumbnail","6":"product_cat-blind-box-3","7":"product_cat-blind-boxy","8":"product_cat-nowosci","9":"product_cat-t-shirty","10":"product_tag-blind-boxy","11":"pa_rozmiar-l","12":"pa_rozmiar-m","13":"pa_rozmiar-s","14":"pa_rozmiar-xl","15":"pa_rozmiar-xxl","16":"pa_rozmiar-xxxl","18":"first","19":"instock","20":"taxable","21":"shipping-taxable","22":"purchasable","23":"product-type-variable"},"acf":[],"_links":{"self":[{"href":"https:\/\/pgwear.net\/pl\/wp-json\/wp\/v2\/product\/111438","targetHints":{"allow":["GET"]}}],"collection":[{"href":"https:\/\/pgwear.net\/pl\/wp-json\/wp\/v2\/product"}],"about":[{"href":"https:\/\/pgwear.net\/pl\/wp-json\/wp\/v2\/types\/product"}],"wp:featuredmedia":[{"embeddable":true,"href":"https:\/\/pgwear.net\/pl\/wp-json\/wp\/v2\/media\/111520"}],"wp:attachment":[{"href":"https:\/\/pgwear.net\/pl\/wp-json\/wp\/v2\/media?parent=111438"}],"wp:term":[{"taxonomy":"product_brand","embeddable":true,"href":"https:\/\/pgwear.net\/pl\/wp-json\/wp\/v2\/product_brand?post=111438"},{"taxonomy":"product_cat","embeddable":true,"href":"https:\/\/pgwear.net\/pl\/wp-json\/wp\/v2\/product_cat?post=111438"},{"taxonomy":"product_tag","embeddable":true,"href":"https:\/\/pgwear.net\/pl\/wp-json\/wp\/v2\/product_tag?post=111438"}],"curies":[{"name":"wp","href":"https:\/\/api.w.org\/{rel}","templated":true}]}}