{"id":114287,"date":"2023-11-07T11:13:37","date_gmt":"2023-11-07T10:13:37","guid":{"rendered":"https:\/\/pgwear.net\/p\/ch23-softshellowe-rekawiczki-blizzard-szare\/"},"modified":"2026-03-06T11:54:51","modified_gmt":"2026-03-06T10:54:51","slug":"ch23-softshellowe-rekawiczki-blizzard-szare","status":"publish","type":"product","link":"https:\/\/pgwear.net\/pl\/p\/ch23-softshellowe-rekawiczki-blizzard-szare\/","title":{"rendered":"Softshellowe R\u0119kawiczki &#8220;Blizzard&#8221; Szare"},"content":{"rendered":"<p>Ka\u017cdy wie, \u017ce materia\u0142 softshell posiada wyj\u0105tkowe w\u0142a\u015bciwo\u015bci! Dlatego PGWEAR ULTRAS SHOP wyprodukowa\u0142 ciep\u0142y dodatek z tego materia\u0142u na nadchodz\u0105c\u0105 zim\u0119 &#8211; <a href=\"https:\/\/pgwear.net\/pl\/feature\/rekawiczki\/\">r\u0119kawiczki softshellowe<\/a>! Nie pozw\u00f3l, aby twoje r\u0119ce marz\u0142y! Zadbaj o swoich przyjaci\u00f3\u0142, daj\u0105c im te oryginalne r\u0119kawiczki w prezencie!<\/p>\n","protected":false},"excerpt":{"rendered":"<p>Ka\u017cdy wie, \u017ce materia\u0142 softshell posiada wyj\u0105tkowe w\u0142a\u015bciwo\u015bci! Dlatego PGWEAR ULTRAS SHOP wyprodukowa\u0142 ciep\u0142y dodatek z tego materia\u0142u na nadchodz\u0105c\u0105 zim\u0119 &#8211; r\u0119kawiczki softshellowe!<\/p>\n","protected":false},"featured_media":114293,"template":"","meta":{"_acf_changed":false},"product_brand":[],"product_cat":[375,376,3517],"product_tag":[2837],"class_list":{"0":"post-114287","1":"product","2":"type-product","3":"status-publish","4":"has-post-thumbnail","6":"product_cat-akcesoria","7":"product_cat-nowosci","8":"product_cat-rekawiczki","9":"product_tag-sale","10":"pa_kolor-szary","11":"pa_material-93-poliester-7-elastan","12":"feature-rekawiczki","14":"first","15":"instock","16":"taxable","17":"shipping-taxable","18":"purchasable","19":"product-type-simple"},"acf":[],"_links":{"self":[{"href":"https:\/\/pgwear.net\/pl\/wp-json\/wp\/v2\/product\/114287","targetHints":{"allow":["GET"]}}],"collection":[{"href":"https:\/\/pgwear.net\/pl\/wp-json\/wp\/v2\/product"}],"about":[{"href":"https:\/\/pgwear.net\/pl\/wp-json\/wp\/v2\/types\/product"}],"wp:featuredmedia":[{"embeddable":true,"href":"https:\/\/pgwear.net\/pl\/wp-json\/wp\/v2\/media\/114293"}],"wp:attachment":[{"href":"https:\/\/pgwear.net\/pl\/wp-json\/wp\/v2\/media?parent=114287"}],"wp:term":[{"taxonomy":"product_brand","embeddable":true,"href":"https:\/\/pgwear.net\/pl\/wp-json\/wp\/v2\/product_brand?post=114287"},{"taxonomy":"product_cat","embeddable":true,"href":"https:\/\/pgwear.net\/pl\/wp-json\/wp\/v2\/product_cat?post=114287"},{"taxonomy":"product_tag","embeddable":true,"href":"https:\/\/pgwear.net\/pl\/wp-json\/wp\/v2\/product_tag?post=114287"}],"curies":[{"name":"wp","href":"https:\/\/api.w.org\/{rel}","templated":true}]}}