{"id":115010,"date":"2023-11-10T11:11:38","date_gmt":"2023-11-10T10:11:38","guid":{"rendered":"https:\/\/pgwear.net\/p\/kominiarka-50-50-ciemny-zolty-czarny\/"},"modified":"2026-04-25T12:21:24","modified_gmt":"2026-04-25T10:21:24","slug":"kominiarka-50-50-ciemny-zolty-czarny","status":"publish","type":"product","link":"https:\/\/pgwear.net\/pl\/p\/kominiarka-50-50-ciemny-zolty-czarny\/","title":{"rendered":"Kominiarka 50\/50 Ciemny \u017b\u00f3\u0142ty\/Czarny"},"content":{"rendered":"<p>Uniknij zakazu stadionowego dzi\u0119ki <a href=\"https:\/\/pgwear.net\/pl\/c\/kominiarki\/\">kominiarce<\/a>! Pozosta\u0144 anonimowy przed policja, kamerami oraz wrogami, zar\u00f3wno na ulicy jak i na stadionie!<\/p>\n","protected":false},"excerpt":{"rendered":"<p>Pozosta\u0144 anonimowy przed policja, kamerami oraz wrogami, zar\u00f3wno na ulicy jak i na stadionie!<\/p>\n","protected":false},"featured_media":115011,"template":"","meta":{"_acf_changed":false},"product_brand":[],"product_cat":[370,3512],"product_tag":[],"class_list":{"0":"post-115010","1":"product","2":"type-product","3":"status-publish","4":"has-post-thumbnail","6":"product_cat-kominiarki","7":"product_cat-komiarki","8":"pa_gramatura-180-gr-m2","9":"pa_kolor-zolty-czarny","10":"pa_material-4-lycra","11":"pa_material-96-bawelna","13":"first","14":"instock","15":"taxable","16":"shipping-taxable","17":"purchasable","18":"product-type-simple"},"acf":[],"_links":{"self":[{"href":"https:\/\/pgwear.net\/pl\/wp-json\/wp\/v2\/product\/115010","targetHints":{"allow":["GET"]}}],"collection":[{"href":"https:\/\/pgwear.net\/pl\/wp-json\/wp\/v2\/product"}],"about":[{"href":"https:\/\/pgwear.net\/pl\/wp-json\/wp\/v2\/types\/product"}],"wp:featuredmedia":[{"embeddable":true,"href":"https:\/\/pgwear.net\/pl\/wp-json\/wp\/v2\/media\/115011"}],"wp:attachment":[{"href":"https:\/\/pgwear.net\/pl\/wp-json\/wp\/v2\/media?parent=115010"}],"wp:term":[{"taxonomy":"product_brand","embeddable":true,"href":"https:\/\/pgwear.net\/pl\/wp-json\/wp\/v2\/product_brand?post=115010"},{"taxonomy":"product_cat","embeddable":true,"href":"https:\/\/pgwear.net\/pl\/wp-json\/wp\/v2\/product_cat?post=115010"},{"taxonomy":"product_tag","embeddable":true,"href":"https:\/\/pgwear.net\/pl\/wp-json\/wp\/v2\/product_tag?post=115010"}],"curies":[{"name":"wp","href":"https:\/\/api.w.org\/{rel}","templated":true}]}}