{"id":132023,"date":"2024-01-19T11:50:12","date_gmt":"2024-01-19T10:50:12","guid":{"rendered":"https:\/\/pgwear.net\/p\/aw23se-kominiarka-siatka-anonymity\/"},"modified":"2026-04-28T08:33:22","modified_gmt":"2026-04-28T06:33:22","slug":"aw23se-kominiarka-siatka-anonymity","status":"publish","type":"product","link":"https:\/\/pgwear.net\/pl\/p\/aw23se-kominiarka-siatka-anonymity\/","title":{"rendered":"Kominiarka Siatka &#8220;Anonymity&#8221;"},"content":{"rendered":"<p>Uniknij zakazu stadionowego! Zachowaj anonimowo\u015b\u0107 zar\u00f3wno na ulicy, jak i na stadionie przed policj\u0105, kamerami CCTV czy wrogami! istnieje tylko jedna rzecz, kt\u00f3ra mo\u017ce ci w tym pom\u00f3c! Jest to <a href=\"https:\/\/pgwear.net\/pl\/c\/kominiarki\/\">kominiarka<\/a>! PGWEAR z dum\u0105 prezentuje wyj\u0105tkow\u0105 kominiark\u0119 z siatk\u0105 <a href=\"https:\/\/pgwear.net\/pl\/feature\/kominiarka-full-print\/\">z nadrukiem<\/a>! Widoczno\u015b\u0107 w niej jest doskona\u0142a, nawet gdy oczy s\u0105 ca\u0142kowicie zas\u0142oni\u0119te od zewn\u0105trz! Niezb\u0119dny dodatek ka\u017cdego ultrasa, chuligana czy zwyk\u0142ego fana pi\u0142ki no\u017cnej!<\/p>\n","protected":false},"excerpt":{"rendered":"<p>Uniknij zakazu stadionowego! Zachowaj anonimowo\u015b\u0107 zar\u00f3wno na ulicy, jak i na stadionie przed policj\u0105, kamerami CCTV czy wrogami!<\/p>\n","protected":false},"featured_media":132024,"template":"","meta":{"_acf_changed":false},"product_brand":[],"product_cat":[370,3512,376],"product_tag":[],"class_list":{"0":"post-132023","1":"product","2":"type-product","3":"status-publish","4":"has-post-thumbnail","6":"product_cat-kominiarki","7":"product_cat-komiarki","8":"product_cat-nowosci","9":"pa_kolor-bialy","10":"pa_kolor-czarny","11":"feature-kominiarka-full-print","13":"first","14":"instock","15":"taxable","16":"shipping-taxable","17":"purchasable","18":"product-type-simple"},"acf":[],"_links":{"self":[{"href":"https:\/\/pgwear.net\/pl\/wp-json\/wp\/v2\/product\/132023","targetHints":{"allow":["GET"]}}],"collection":[{"href":"https:\/\/pgwear.net\/pl\/wp-json\/wp\/v2\/product"}],"about":[{"href":"https:\/\/pgwear.net\/pl\/wp-json\/wp\/v2\/types\/product"}],"wp:featuredmedia":[{"embeddable":true,"href":"https:\/\/pgwear.net\/pl\/wp-json\/wp\/v2\/media\/132024"}],"wp:attachment":[{"href":"https:\/\/pgwear.net\/pl\/wp-json\/wp\/v2\/media?parent=132023"}],"wp:term":[{"taxonomy":"product_brand","embeddable":true,"href":"https:\/\/pgwear.net\/pl\/wp-json\/wp\/v2\/product_brand?post=132023"},{"taxonomy":"product_cat","embeddable":true,"href":"https:\/\/pgwear.net\/pl\/wp-json\/wp\/v2\/product_cat?post=132023"},{"taxonomy":"product_tag","embeddable":true,"href":"https:\/\/pgwear.net\/pl\/wp-json\/wp\/v2\/product_tag?post=132023"}],"curies":[{"name":"wp","href":"https:\/\/api.w.org\/{rel}","templated":true}]}}