{"id":134361,"date":"2024-02-02T08:35:09","date_gmt":"2024-02-02T07:35:09","guid":{"rendered":"https:\/\/pgwear.net\/p\/val24-t-shirt-love-is-in-the-air-bialy\/"},"modified":"2026-04-02T09:55:31","modified_gmt":"2026-04-02T07:55:31","slug":"val24-t-shirt-love-is-in-the-air-bialy","status":"publish","type":"product","link":"https:\/\/pgwear.net\/pl\/p\/val24-t-shirt-love-is-in-the-air-bialy\/","title":{"rendered":"T-shirt &#8220;Love is in the air&#8221; Bia\u0142y"},"content":{"rendered":"<p>Mi\u0119dzy nami zawsze b\u0119d\u0105 r\u00f3\u017cnice. Kobiety chc\u0105 sp\u0119dzi\u0107 czas na romantycznej randce w restauracji lub obejrze\u0107 wsp\u00f3lnie serial na kanapie w domu. Ale my jeste\u015bmy inni! Chcemy sp\u0119dzi\u0107 poranek w poci\u0105gu w drodze na <a href=\"https:\/\/pgwear.net\/pl\/feature\/wyjazd\/\">mecz wyjazdowy<\/a>, popo\u0142udnie na trybunach, <a href=\"https:\/\/pgwear.net\/pl\/feature\/motyw-pyro\/\">odpalaj\u0105c race<\/a> oraz kibicuj\u0105c ukochanemu klubowi pi\u0142karskiemu, a wiecz\u00f3r w pubie z wiernymi przyjaci\u00f3\u0142mi! Jednak bez naszych kobiet nie wyobra\u017camy sobie \u017cycia! Przygotuj si\u0119 ju\u017c teraz na Walentynki! \ud83d\ude09<\/p>\n","protected":false},"excerpt":{"rendered":"<p>Mi\u0119dzy nami zawsze b\u0119d\u0105 r\u00f3\u017cnice. Kobiety chc\u0105 sp\u0119dzi\u0107 czas na romantycznej randce w restauracji lub obejrze\u0107 wsp\u00f3lnie serial na kanapie w domu. Ale my jeste\u015bmy inni!<\/p>\n","protected":false},"featured_media":134369,"template":"","meta":{"_acf_changed":false},"product_brand":[],"product_cat":[376,372],"product_tag":[3845],"class_list":{"0":"post-134361","1":"product","2":"type-product","3":"status-publish","4":"has-post-thumbnail","6":"product_cat-nowosci","7":"product_cat-t-shirty","8":"product_tag-love","9":"pa_gramatura-180-gr-m2","10":"pa_kolekcja-wiosna-lato-2024","11":"pa_kolor-bialy","12":"pa_material-100-bawelna","13":"pa_nadruk-duzy-nadruk-na-klatce-piersiowej","14":"pa_rozmiar-l","15":"pa_rozmiar-m","16":"pa_rozmiar-s","17":"pa_rozmiar-xl","18":"pa_rozmiar-xxl","19":"pa_rozmiar-xxxl","20":"feature-wyjazd","22":"first","23":"instock","24":"taxable","25":"shipping-taxable","26":"purchasable","27":"product-type-variable"},"acf":[],"_links":{"self":[{"href":"https:\/\/pgwear.net\/pl\/wp-json\/wp\/v2\/product\/134361","targetHints":{"allow":["GET"]}}],"collection":[{"href":"https:\/\/pgwear.net\/pl\/wp-json\/wp\/v2\/product"}],"about":[{"href":"https:\/\/pgwear.net\/pl\/wp-json\/wp\/v2\/types\/product"}],"wp:featuredmedia":[{"embeddable":true,"href":"https:\/\/pgwear.net\/pl\/wp-json\/wp\/v2\/media\/134369"}],"wp:attachment":[{"href":"https:\/\/pgwear.net\/pl\/wp-json\/wp\/v2\/media?parent=134361"}],"wp:term":[{"taxonomy":"product_brand","embeddable":true,"href":"https:\/\/pgwear.net\/pl\/wp-json\/wp\/v2\/product_brand?post=134361"},{"taxonomy":"product_cat","embeddable":true,"href":"https:\/\/pgwear.net\/pl\/wp-json\/wp\/v2\/product_cat?post=134361"},{"taxonomy":"product_tag","embeddable":true,"href":"https:\/\/pgwear.net\/pl\/wp-json\/wp\/v2\/product_tag?post=134361"}],"curies":[{"name":"wp","href":"https:\/\/api.w.org\/{rel}","templated":true}]}}