{"id":135063,"date":"2024-02-06T09:34:00","date_gmt":"2024-02-06T08:34:00","guid":{"rendered":"https:\/\/pgwear.net\/p\/vac24-recznik-lazy-boy\/"},"modified":"2026-04-20T11:45:18","modified_gmt":"2026-04-20T09:45:18","slug":"vac24-recznik-lazy-boy","status":"publish","type":"product","link":"https:\/\/pgwear.net\/pl\/p\/vac24-recznik-lazy-boy\/","title":{"rendered":"R\u0119cznik &#8220;Lazy Boy&#8221;"},"content":{"rendered":"<p>Letnia kolekcja kapsu\u0142owa od PGWEAR dedykowana jest <a href=\"https:\/\/pgwear.net\/pl\/feature\/copacabana\/\">copACABana<\/a> \u2013 wyimaginowanemu miejscu, w kt\u00f3rym spe\u0142niaj\u0105 si\u0119 marzenia wszystkich Ultras\u00f3w! Z\u0142oty piasek, b\u0142\u0119kitne morze, <a href=\"https:\/\/pgwear.net\/pl\/feature\/motyw-piwa\/\">mn\u00f3stwo zimnego piwa<\/a> i pysznych koktajli, gor\u0105ce dziewczyny i brak wrog\u00f3w \u2013 to miejsce, w kt\u00f3rym chcemy sp\u0119dzi\u0107 wakacje! Odpowiednio spakuj si\u0119 na wakacje \u2013 zabierz ze sob\u0105 ten wyj\u0105tkowy <a href=\"https:\/\/pgwear.net\/pl\/feature\/recznik\/\">r\u0119cznik pla\u017cowy<\/a>!<\/p>\n","protected":false},"excerpt":{"rendered":"<p>Letnia kolekcja kapsu\u0142owa od PGWEAR dedykowana jest copACABana \u2013 wyimaginowanemu miejscu, w kt\u00f3rym spe\u0142niaj\u0105 si\u0119 marzenia wszystkich Ultras\u00f3w!<\/p>\n","protected":false},"featured_media":135668,"template":"","meta":{"_acf_changed":false},"product_brand":[],"product_cat":[375,376,3520],"product_tag":[3614],"class_list":{"0":"post-135063","1":"product","2":"type-product","3":"status-publish","4":"has-post-thumbnail","6":"product_cat-akcesoria","7":"product_cat-nowosci","8":"product_cat-reczniki","9":"product_tag-summer-capsule","10":"pa_kolor-zielony","11":"feature-acab","12":"feature-copacabana","13":"feature-motyw-kominiarki","14":"feature-motyw-piwa","15":"feature-recznik","17":"first","18":"instock","19":"taxable","20":"shipping-taxable","21":"purchasable","22":"product-type-simple"},"acf":[],"_links":{"self":[{"href":"https:\/\/pgwear.net\/pl\/wp-json\/wp\/v2\/product\/135063","targetHints":{"allow":["GET"]}}],"collection":[{"href":"https:\/\/pgwear.net\/pl\/wp-json\/wp\/v2\/product"}],"about":[{"href":"https:\/\/pgwear.net\/pl\/wp-json\/wp\/v2\/types\/product"}],"wp:featuredmedia":[{"embeddable":true,"href":"https:\/\/pgwear.net\/pl\/wp-json\/wp\/v2\/media\/135668"}],"wp:attachment":[{"href":"https:\/\/pgwear.net\/pl\/wp-json\/wp\/v2\/media?parent=135063"}],"wp:term":[{"taxonomy":"product_brand","embeddable":true,"href":"https:\/\/pgwear.net\/pl\/wp-json\/wp\/v2\/product_brand?post=135063"},{"taxonomy":"product_cat","embeddable":true,"href":"https:\/\/pgwear.net\/pl\/wp-json\/wp\/v2\/product_cat?post=135063"},{"taxonomy":"product_tag","embeddable":true,"href":"https:\/\/pgwear.net\/pl\/wp-json\/wp\/v2\/product_tag?post=135063"}],"curies":[{"name":"wp","href":"https:\/\/api.w.org\/{rel}","templated":true}]}}