{"id":135065,"date":"2024-02-06T09:34:02","date_gmt":"2024-02-06T08:34:02","guid":{"rendered":"https:\/\/pgwear.net\/p\/vac24-t-shirt-alcoholidays-black\/"},"modified":"2026-03-17T14:32:41","modified_gmt":"2026-03-17T13:32:41","slug":"vac24-t-shirt-alcoholidays-black","status":"publish","type":"product","link":"https:\/\/pgwear.net\/pl\/p\/vac24-t-shirt-alcoholidays-black\/","title":{"rendered":"T-shirt &#8220;Alcoholidays&#8221; Czarny"},"content":{"rendered":"<p>W kulturze pi\u0142karskiej <a href=\"https:\/\/pgwear.net\/pl\/feature\/motyw-piwa\/\">piwo<\/a> to nie tylko nap\u00f3j! Kojarzy si\u0119 z <a href=\"https:\/\/pgwear.net\/pl\/feature\/wyjazd\/\">wyjazdami pe\u0142nymi przyg\u00f3d<\/a>, rado\u015bci\u0105 na trybunach po strzelonym golu, sp\u0119dzonymi chwilami z kumplami w lokalnym pubie\u2026 \u017baden urlop nie mog\u0105 obej\u015b\u0107 si\u0119 bez piwa! Ciesz si\u0119 ALKOWAKACJAMI!<\/p>\n","protected":false},"excerpt":{"rendered":"<p>W kulturze pi\u0142karskiej piwo to nie tylko nap\u00f3j! Kojarzy si\u0119 z wyjazdami pe\u0142nymi przyg\u00f3d, rado\u015bci\u0105 na trybunach po strzelonym golu, sp\u0119dzonymi chwilami z kumplami w lokalnym pubie\u2026<\/p>\n","protected":false},"featured_media":141551,"template":"","meta":{"_acf_changed":false},"product_brand":[],"product_cat":[372,376],"product_tag":[3277,3614],"class_list":{"0":"post-135065","1":"product","2":"type-product","3":"status-publish","4":"has-post-thumbnail","6":"product_cat-t-shirty","7":"product_cat-nowosci","8":"product_tag-ostatnie-sztuki","9":"product_tag-summer-capsule","10":"pa_kolor-czarny","11":"pa_rozmiar-l","12":"pa_rozmiar-m","13":"pa_rozmiar-s","14":"pa_rozmiar-xl","15":"pa_rozmiar-xxl","16":"pa_rozmiar-xxxl","17":"feature-motyw-kominiarki","18":"feature-motyw-piwa","20":"first","21":"instock","22":"sale","23":"taxable","24":"shipping-taxable","25":"purchasable","26":"product-type-variable"},"acf":[],"_links":{"self":[{"href":"https:\/\/pgwear.net\/pl\/wp-json\/wp\/v2\/product\/135065","targetHints":{"allow":["GET"]}}],"collection":[{"href":"https:\/\/pgwear.net\/pl\/wp-json\/wp\/v2\/product"}],"about":[{"href":"https:\/\/pgwear.net\/pl\/wp-json\/wp\/v2\/types\/product"}],"wp:featuredmedia":[{"embeddable":true,"href":"https:\/\/pgwear.net\/pl\/wp-json\/wp\/v2\/media\/141551"}],"wp:attachment":[{"href":"https:\/\/pgwear.net\/pl\/wp-json\/wp\/v2\/media?parent=135065"}],"wp:term":[{"taxonomy":"product_brand","embeddable":true,"href":"https:\/\/pgwear.net\/pl\/wp-json\/wp\/v2\/product_brand?post=135065"},{"taxonomy":"product_cat","embeddable":true,"href":"https:\/\/pgwear.net\/pl\/wp-json\/wp\/v2\/product_cat?post=135065"},{"taxonomy":"product_tag","embeddable":true,"href":"https:\/\/pgwear.net\/pl\/wp-json\/wp\/v2\/product_tag?post=135065"}],"curies":[{"name":"wp","href":"https:\/\/api.w.org\/{rel}","templated":true}]}}