{"id":135079,"date":"2024-02-06T09:34:07","date_gmt":"2024-02-06T08:34:07","guid":{"rendered":"https:\/\/pgwear.net\/p\/vac24-t-shirt-beach-black\/"},"modified":"2026-03-17T14:32:50","modified_gmt":"2026-03-17T13:32:50","slug":"vac24-t-shirt-beach-black","status":"publish","type":"product","link":"https:\/\/pgwear.net\/pl\/p\/vac24-t-shirt-beach-black\/","title":{"rendered":"T-shirt &#8220;Beach&#8221; Czarny"},"content":{"rendered":"<p>Letnia kolekcja kapsu\u0142owa od PGWEAR dedykowana jest <a href=\"https:\/\/pgwear.net\/pl\/feature\/copacabana\/\">copACABana<\/a> \u2013 wyimaginowanemu miejscu, w kt\u00f3rym spe\u0142niaj\u0105 si\u0119 wszystkie marzenia Ultras\u00f3w! Z\u0142oty piasek, b\u0142\u0119kitne morze, mn\u00f3stwo <a href=\"https:\/\/pgwear.net\/pl\/feature\/motyw-piwa\/\">zimnych piw<\/a> i pysznych drink\u00f3w, gor\u0105ce dziewczyny i zero wrog\u00f3w \u2013 to miejsce, w kt\u00f3rym chcemy sp\u0119dzi\u0107 wakacje!<\/p>\n","protected":false},"excerpt":{"rendered":"<p>Letnia kolekcja kapsu\u0142owa od PGWEAR dedykowana jest copACABana \u2013 wyimaginowanemu miejscu, w kt\u00f3rym spe\u0142niaj\u0105 si\u0119 wszystkie marzenia Ultras\u00f3w!<\/p>\n","protected":false},"featured_media":141523,"template":"","meta":{"_acf_changed":false},"product_brand":[],"product_cat":[372,376],"product_tag":[3277,3614],"class_list":{"0":"post-135079","1":"product","2":"type-product","3":"status-publish","4":"has-post-thumbnail","6":"product_cat-t-shirty","7":"product_cat-nowosci","8":"product_tag-ostatnie-sztuki","9":"product_tag-summer-capsule","10":"pa_kolor-czarny","11":"pa_rozmiar-l","12":"pa_rozmiar-m","13":"pa_rozmiar-s","14":"pa_rozmiar-xl","15":"pa_rozmiar-xxl","16":"pa_rozmiar-xxxl","17":"feature-acab","18":"feature-copacabana","19":"feature-motyw-kominiarki","20":"feature-motyw-piwa","22":"first","23":"outofstock","24":"taxable","25":"shipping-taxable","26":"product-type-variable"},"acf":[],"_links":{"self":[{"href":"https:\/\/pgwear.net\/pl\/wp-json\/wp\/v2\/product\/135079","targetHints":{"allow":["GET"]}}],"collection":[{"href":"https:\/\/pgwear.net\/pl\/wp-json\/wp\/v2\/product"}],"about":[{"href":"https:\/\/pgwear.net\/pl\/wp-json\/wp\/v2\/types\/product"}],"wp:featuredmedia":[{"embeddable":true,"href":"https:\/\/pgwear.net\/pl\/wp-json\/wp\/v2\/media\/141523"}],"wp:attachment":[{"href":"https:\/\/pgwear.net\/pl\/wp-json\/wp\/v2\/media?parent=135079"}],"wp:term":[{"taxonomy":"product_brand","embeddable":true,"href":"https:\/\/pgwear.net\/pl\/wp-json\/wp\/v2\/product_brand?post=135079"},{"taxonomy":"product_cat","embeddable":true,"href":"https:\/\/pgwear.net\/pl\/wp-json\/wp\/v2\/product_cat?post=135079"},{"taxonomy":"product_tag","embeddable":true,"href":"https:\/\/pgwear.net\/pl\/wp-json\/wp\/v2\/product_tag?post=135079"}],"curies":[{"name":"wp","href":"https:\/\/api.w.org\/{rel}","templated":true}]}}