{"id":135114,"date":"2024-02-06T09:34:17","date_gmt":"2024-02-06T08:34:17","guid":{"rendered":"https:\/\/pgwear.net\/p\/vac24-t-shirt-escape-white\/"},"modified":"2026-04-09T10:24:21","modified_gmt":"2026-04-09T08:24:21","slug":"vac24-t-shirt-escape-white","status":"publish","type":"product","link":"https:\/\/pgwear.net\/pl\/p\/vac24-t-shirt-escape-white\/","title":{"rendered":"T-shirt &#8220;Escape&#8221; Bia\u0142a"},"content":{"rendered":"<p>Letnia kolekcja kapsu\u0142owa od PGWEAR dedykowana jest <a href=\"https:\/\/pgwear.net\/pl\/feature\/copacabana\/\">copACABana<\/a> \u2013 wyimaginowanemu miejscu, w kt\u00f3rym spe\u0142niaj\u0105 si\u0119 marzenia wszystkich Ultras\u00f3w! Z\u0142oty piasek, b\u0142\u0119kitne morze, mn\u00f3stwo <a href=\"https:\/\/pgwear.net\/pl\/feature\/motyw-piwa\/\">zimnego piwa<\/a> i pysznych koktajli, gor\u0105ce dziewczyny i brak wrog\u00f3w \u2013 \u015bwietne miejsce na relaks dla ka\u017cdego fana pi\u0142ki no\u017cnej!<\/p>\n","protected":false},"excerpt":{"rendered":"<p>Letnia kolekcja kapsu\u0142owa od PGWEAR dedykowana jest copACABana \u2013 wyimaginowanemu miejscu, w kt\u00f3rym spe\u0142niaj\u0105 si\u0119 marzenia wszystkich Ultras\u00f3w!<\/p>\n","protected":false},"featured_media":141461,"template":"","meta":{"_acf_changed":false},"product_brand":[],"product_cat":[372,376],"product_tag":[3614],"class_list":{"0":"post-135114","1":"product","2":"type-product","3":"status-publish","4":"has-post-thumbnail","6":"product_cat-t-shirty","7":"product_cat-nowosci","8":"product_tag-summer-capsule","9":"pa_kolor-bialy","10":"pa_rozmiar-l","11":"pa_rozmiar-m","12":"pa_rozmiar-s","13":"pa_rozmiar-xl","14":"pa_rozmiar-xxl","15":"pa_rozmiar-xxxl","16":"feature-acab","17":"feature-copacabana","18":"feature-motyw-kominiarki","19":"feature-motyw-piwa","21":"first","22":"instock","23":"taxable","24":"shipping-taxable","25":"purchasable","26":"product-type-variable"},"acf":[],"_links":{"self":[{"href":"https:\/\/pgwear.net\/pl\/wp-json\/wp\/v2\/product\/135114","targetHints":{"allow":["GET"]}}],"collection":[{"href":"https:\/\/pgwear.net\/pl\/wp-json\/wp\/v2\/product"}],"about":[{"href":"https:\/\/pgwear.net\/pl\/wp-json\/wp\/v2\/types\/product"}],"wp:featuredmedia":[{"embeddable":true,"href":"https:\/\/pgwear.net\/pl\/wp-json\/wp\/v2\/media\/141461"}],"wp:attachment":[{"href":"https:\/\/pgwear.net\/pl\/wp-json\/wp\/v2\/media?parent=135114"}],"wp:term":[{"taxonomy":"product_brand","embeddable":true,"href":"https:\/\/pgwear.net\/pl\/wp-json\/wp\/v2\/product_brand?post=135114"},{"taxonomy":"product_cat","embeddable":true,"href":"https:\/\/pgwear.net\/pl\/wp-json\/wp\/v2\/product_cat?post=135114"},{"taxonomy":"product_tag","embeddable":true,"href":"https:\/\/pgwear.net\/pl\/wp-json\/wp\/v2\/product_tag?post=135114"}],"curies":[{"name":"wp","href":"https:\/\/api.w.org\/{rel}","templated":true}]}}