{"id":141204,"date":"2024-03-11T09:58:28","date_gmt":"2024-03-11T08:58:28","guid":{"rendered":"https:\/\/pgwear.net\/p\/bluza-ff-striker-no-respect-ciemno-szara\/"},"modified":"2026-04-09T11:48:29","modified_gmt":"2026-04-09T09:48:29","slug":"bluza-ff-striker-no-respect-ciemno-szara","status":"publish","type":"product","link":"https:\/\/pgwear.net\/pl\/p\/bluza-ff-striker-no-respect-ciemno-szara\/","title":{"rendered":"Bluza z kominiark\u0105 &#8220;Striker&#8221; No Respect Ciemno Szara"},"content":{"rendered":"<p>Legendarna rozpinana <a href=\"https:\/\/pgwear.net\/pl\/c\/bluzy\/\">bluza<\/a> <a href=\"https:\/\/pgwear.net\/pl\/tag\/no-respect\/\">NO RESPECT<\/a> <a href=\"https:\/\/pgwear.net\/pl\/feature\/wbudowana-kominiarka\/\">z kominiark\u0105 wszyt\u0105 w ko\u0142nierz<\/a> i <a href=\"https:\/\/pgwear.net\/pl\/feature\/duza-kieszen\/\">obszern\u0105 kieszeni\u0105<\/a> z przodu. Wykonana z najwy\u017cszej jako\u015bci materia\u0142\u00f3w z dba\u0142o\u015bci\u0105 o ka\u017cdy szczeg\u00f3\u0142! Bez wzgl\u0119du na to, gdzie si\u0119 znajdujesz, ten produkt zapewni Ci anonimowo\u015b\u0107 przed policj\u0105 i kamerami CCTV zar\u00f3wno na ulicy, jak i na stadionie! Dost\u0119pna w sze\u015bciu wersjach kolorystycznych.<\/p>\n","protected":false},"excerpt":{"rendered":"<p>Legendarna rozpinana bluza NO RESPECT z kominiark\u0105 wszyt\u0105 w ko\u0142nierz i obszern\u0105 kieszeni\u0105 z przodu. Wykonana z najwy\u017cszej jako\u015bci materia\u0142\u00f3w z dba\u0142o\u015bci\u0105 o ka\u017cdy szczeg\u00f3\u0142!<\/p>\n","protected":false},"featured_media":141318,"template":"","meta":{"_acf_changed":false},"product_brand":[],"product_cat":[371,3490,3493,376],"product_tag":[3839,1974,3277],"class_list":{"0":"post-141204","1":"product","2":"type-product","3":"status-publish","4":"has-post-thumbnail","6":"product_cat-bluzy","7":"product_cat-bluzy-z-kapturem","8":"product_cat-bluzy-z-kominiarka","9":"product_cat-nowosci","10":"product_tag-blue-monday","11":"product_tag-no-respect","12":"product_tag-ostatnie-sztuki","13":"pa_gramatura-340-gr-m2","14":"pa_kolor-ciemny-szary","15":"pa_kroj-klasyczny","16":"pa_material-100-bawelna","17":"pa_rozmiar-l","18":"pa_rozmiar-m","19":"pa_rozmiar-s","20":"pa_rozmiar-xl","21":"pa_rozmiar-xxl","22":"pa_rozmiar-xxxl","24":"first","25":"instock","26":"sale","27":"taxable","28":"shipping-taxable","29":"purchasable","30":"product-type-variable"},"acf":[],"_links":{"self":[{"href":"https:\/\/pgwear.net\/pl\/wp-json\/wp\/v2\/product\/141204","targetHints":{"allow":["GET"]}}],"collection":[{"href":"https:\/\/pgwear.net\/pl\/wp-json\/wp\/v2\/product"}],"about":[{"href":"https:\/\/pgwear.net\/pl\/wp-json\/wp\/v2\/types\/product"}],"wp:featuredmedia":[{"embeddable":true,"href":"https:\/\/pgwear.net\/pl\/wp-json\/wp\/v2\/media\/141318"}],"wp:attachment":[{"href":"https:\/\/pgwear.net\/pl\/wp-json\/wp\/v2\/media?parent=141204"}],"wp:term":[{"taxonomy":"product_brand","embeddable":true,"href":"https:\/\/pgwear.net\/pl\/wp-json\/wp\/v2\/product_brand?post=141204"},{"taxonomy":"product_cat","embeddable":true,"href":"https:\/\/pgwear.net\/pl\/wp-json\/wp\/v2\/product_cat?post=141204"},{"taxonomy":"product_tag","embeddable":true,"href":"https:\/\/pgwear.net\/pl\/wp-json\/wp\/v2\/product_tag?post=141204"}],"curies":[{"name":"wp","href":"https:\/\/api.w.org\/{rel}","templated":true}]}}