{"id":141677,"date":"2024-03-12T09:13:50","date_gmt":"2024-03-12T08:13:50","guid":{"rendered":"https:\/\/pgwear.net\/p\/ss24-t-shirt-good-mate-czarna\/"},"modified":"2026-03-17T14:32:43","modified_gmt":"2026-03-17T13:32:43","slug":"ss24-t-shirt-good-mate-czarna","status":"publish","type":"product","link":"https:\/\/pgwear.net\/pl\/p\/ss24-t-shirt-good-mate-czarna\/","title":{"rendered":"T-shirt &#8220;Good Mate&#8221; Czarna"},"content":{"rendered":"<p>Ten <a href=\"https:\/\/pgwear.net\/pl\/c\/t-shirty\/\">T-shirt<\/a> w stylu casual od PGWEAR posiada ukryty detal na piersi. Ludzik Ultras (wykonany jako naszywka) wychodzi z kieszeni! Z dum\u0105 no\u015b ten produkt wsz\u0119dzie, szczeg\u00f3lnie na ulicy i na stadionie! T-shirt dost\u0119pny jest w trzech wersjach kolorystycznych, a jedna z nich posiada kiesze\u0144 ozdobion\u0105 <a href=\"https:\/\/pgwear.net\/pl\/feature\/motyw-pyro\/\">nadrukiem z piro<\/a>!<\/p>\n","protected":false},"excerpt":{"rendered":"<p>Ten T-shirt w stylu casual od PGWEAR posiada ukryty detal na piersi. Ludzik Ultras (wykonany jako naszywka) wychodzi z kieszeni!<\/p>\n","protected":false},"featured_media":141723,"template":"","meta":{"_acf_changed":false},"product_brand":[],"product_cat":[372,3496],"product_tag":[3277],"class_list":{"0":"post-141677","1":"product","2":"type-product","3":"status-publish","4":"has-post-thumbnail","6":"product_cat-t-shirty","7":"product_cat-casual","8":"product_tag-ostatnie-sztuki","9":"pa_gramatura-180-gr-m2","10":"pa_kolekcja-wiosna-lato-2024","11":"pa_kolor-czarny","12":"pa_material-100-bawelna","13":"pa_rozmiar-l","14":"pa_rozmiar-m","15":"pa_rozmiar-s","16":"pa_rozmiar-xl","17":"pa_rozmiar-xxl","18":"pa_rozmiar-xxxl","20":"first","21":"outofstock","22":"taxable","23":"shipping-taxable","24":"product-type-variable"},"acf":[],"_links":{"self":[{"href":"https:\/\/pgwear.net\/pl\/wp-json\/wp\/v2\/product\/141677","targetHints":{"allow":["GET"]}}],"collection":[{"href":"https:\/\/pgwear.net\/pl\/wp-json\/wp\/v2\/product"}],"about":[{"href":"https:\/\/pgwear.net\/pl\/wp-json\/wp\/v2\/types\/product"}],"wp:featuredmedia":[{"embeddable":true,"href":"https:\/\/pgwear.net\/pl\/wp-json\/wp\/v2\/media\/141723"}],"wp:attachment":[{"href":"https:\/\/pgwear.net\/pl\/wp-json\/wp\/v2\/media?parent=141677"}],"wp:term":[{"taxonomy":"product_brand","embeddable":true,"href":"https:\/\/pgwear.net\/pl\/wp-json\/wp\/v2\/product_brand?post=141677"},{"taxonomy":"product_cat","embeddable":true,"href":"https:\/\/pgwear.net\/pl\/wp-json\/wp\/v2\/product_cat?post=141677"},{"taxonomy":"product_tag","embeddable":true,"href":"https:\/\/pgwear.net\/pl\/wp-json\/wp\/v2\/product_tag?post=141677"}],"curies":[{"name":"wp","href":"https:\/\/api.w.org\/{rel}","templated":true}]}}