{"id":151204,"date":"2024-05-06T09:34:39","date_gmt":"2024-05-06T07:34:39","guid":{"rendered":"https:\/\/pgwear.net\/p\/nrb24-kurtka-ff-shogun-no-respect-black\/"},"modified":"2026-04-23T13:09:28","modified_gmt":"2026-04-23T11:09:28","slug":"kurtka-z-kominiarka-shogun-no-respect-black","status":"publish","type":"product","link":"https:\/\/pgwear.net\/pl\/p\/kurtka-z-kominiarka-shogun-no-respect-black\/","title":{"rendered":"Kurtka z kominiark\u0105&#8221;Shogun&#8221; No Respect Black"},"content":{"rendered":"<p>Super stylowa i niepowtarzalna kurtka typu anorak to obowi\u0105zkowy element garderoby ka\u017cdego ultrasa, casuala czy zwyk\u0142ego fana pi\u0142ki no\u017cnej! Posiada przestronn\u0105 kiesze\u0144 z przodu, dzi\u0119ki kt\u00f3rej mo\u017cesz zabra\u0107 ze sob\u0105 na trybuny wszystko, czego aktualnie potrzebujesz. Ozdobiona has\u0142em NO RESPECT -zapewni styl i wygod\u0119 podczas ch\u0142odniejszych dni na ulicy i na stadionie!<\/p>\n","protected":false},"excerpt":{"rendered":"<p>Super stylowa i niepowtarzalna kurtka typu anorak to obowi\u0105zkowy element garderoby ka\u017cdego ultrasa, casuala czy zwyk\u0142ego fana pi\u0142ki no\u017cnej! Posiada przestronn\u0105 kiesze\u0144 z przodu, dzi\u0119ki kt\u00f3rej mo\u017cesz zabra\u0107 ze sob\u0105 na trybuny wszystko, czego aktualnie potrzebujesz. Ozdobiona has\u0142em NO RESPECT -zapewni styl i wygod\u0119 podczas ch\u0142odniejszych dni na ulicy i na stadionie!<\/p>\n","protected":false},"featured_media":151712,"template":"","meta":{"_acf_changed":false},"product_brand":[],"product_cat":[366,3484,376],"product_tag":[1974],"class_list":{"0":"post-151204","1":"product","2":"type-product","3":"status-publish","4":"has-post-thumbnail","6":"product_cat-kurtki","7":"product_cat-kurtki-przejsciowe","8":"product_cat-nowosci","9":"product_tag-no-respect","10":"pa_gramatura-210-gr-m2","11":"pa_kolor-czarny","12":"pa_material-100-poliester","13":"pa_rozmiar-l","14":"pa_rozmiar-m","15":"pa_rozmiar-s","16":"pa_rozmiar-xl","17":"pa_rozmiar-xxl","18":"pa_rozmiar-xxxl","19":"feature-wbudowana-kominiarka","21":"first","22":"instock","23":"taxable","24":"shipping-taxable","25":"purchasable","26":"product-type-variable"},"acf":[],"_links":{"self":[{"href":"https:\/\/pgwear.net\/pl\/wp-json\/wp\/v2\/product\/151204","targetHints":{"allow":["GET"]}}],"collection":[{"href":"https:\/\/pgwear.net\/pl\/wp-json\/wp\/v2\/product"}],"about":[{"href":"https:\/\/pgwear.net\/pl\/wp-json\/wp\/v2\/types\/product"}],"wp:featuredmedia":[{"embeddable":true,"href":"https:\/\/pgwear.net\/pl\/wp-json\/wp\/v2\/media\/151712"}],"wp:attachment":[{"href":"https:\/\/pgwear.net\/pl\/wp-json\/wp\/v2\/media?parent=151204"}],"wp:term":[{"taxonomy":"product_brand","embeddable":true,"href":"https:\/\/pgwear.net\/pl\/wp-json\/wp\/v2\/product_brand?post=151204"},{"taxonomy":"product_cat","embeddable":true,"href":"https:\/\/pgwear.net\/pl\/wp-json\/wp\/v2\/product_cat?post=151204"},{"taxonomy":"product_tag","embeddable":true,"href":"https:\/\/pgwear.net\/pl\/wp-json\/wp\/v2\/product_tag?post=151204"}],"curies":[{"name":"wp","href":"https:\/\/api.w.org\/{rel}","templated":true}]}}