{"id":151211,"date":"2024-05-06T09:34:41","date_gmt":"2024-05-06T07:34:41","guid":{"rendered":"https:\/\/pgwear.net\/p\/nrb24-kurtka-ff-yakuza-no-respect-black\/"},"modified":"2026-04-13T09:36:36","modified_gmt":"2026-04-13T07:36:36","slug":"kurtka-z-kominiarka-yakuza-no-respect-black","status":"publish","type":"product","link":"https:\/\/pgwear.net\/pl\/p\/kurtka-z-kominiarka-yakuza-no-respect-black\/","title":{"rendered":"Kurtka z kominiark\u0105 &#8220;Yakuza&#8221; No Respect Black"},"content":{"rendered":"<p>Ten wyj\u0105tkowy produkt z lini NO RESPECT jest idealny dla ka\u017cdego, od zwyk\u0142ego bywalca stadionu po zagorza\u0142ego fana pi\u0142ki no\u017cnej i ultrasa! Ta kurtka nie tylko zapewni Ci ciep\u0142o podczas ch\u0142odniejszych lub deszczowych dni na trybunach, ale tak\u017ce zakryje Twoj\u0105 twarz przed policj\u0105 i CCTV, dzi\u0119ki kominiarce wszytej w ko\u0142nierz kurtki!<\/p>\n","protected":false},"excerpt":{"rendered":"<p>Ten wyj\u0105tkowy produkt z lini NO RESPECT jest idealny dla ka\u017cdego, od zwyk\u0142ego bywalca stadionu po zagorza\u0142ego fana pi\u0142ki no\u017cnej i ultrasa! Ta kurtka nie tylko zapewni Ci ciep\u0142o podczas ch\u0142odniejszych lub deszczowych dni na trybunach, ale tak\u017ce zakryje Twoj\u0105 twarz przed policj\u0105 i CCTV, dzi\u0119ki kominiarce wszytej w ko\u0142nierz kurtki!<\/p>\n","protected":false},"featured_media":151680,"template":"","meta":{"_acf_changed":false},"product_brand":[],"product_cat":[366,3484,376],"product_tag":[1974],"class_list":{"0":"post-151211","1":"product","2":"type-product","3":"status-publish","4":"has-post-thumbnail","6":"product_cat-kurtki","7":"product_cat-kurtki-przejsciowe","8":"product_cat-nowosci","9":"product_tag-no-respect","10":"pa_gramatura-180-gr-m2","11":"pa_kolor-czarny","12":"pa_material-100-poliester","13":"pa_rozmiar-l","14":"pa_rozmiar-m","15":"pa_rozmiar-s","16":"pa_rozmiar-xl","17":"pa_rozmiar-xxl","18":"pa_rozmiar-xxxl","19":"feature-wbudowana-kominiarka","21":"first","22":"instock","23":"taxable","24":"shipping-taxable","25":"purchasable","26":"product-type-variable"},"acf":[],"_links":{"self":[{"href":"https:\/\/pgwear.net\/pl\/wp-json\/wp\/v2\/product\/151211","targetHints":{"allow":["GET"]}}],"collection":[{"href":"https:\/\/pgwear.net\/pl\/wp-json\/wp\/v2\/product"}],"about":[{"href":"https:\/\/pgwear.net\/pl\/wp-json\/wp\/v2\/types\/product"}],"wp:featuredmedia":[{"embeddable":true,"href":"https:\/\/pgwear.net\/pl\/wp-json\/wp\/v2\/media\/151680"}],"wp:attachment":[{"href":"https:\/\/pgwear.net\/pl\/wp-json\/wp\/v2\/media?parent=151211"}],"wp:term":[{"taxonomy":"product_brand","embeddable":true,"href":"https:\/\/pgwear.net\/pl\/wp-json\/wp\/v2\/product_brand?post=151211"},{"taxonomy":"product_cat","embeddable":true,"href":"https:\/\/pgwear.net\/pl\/wp-json\/wp\/v2\/product_cat?post=151211"},{"taxonomy":"product_tag","embeddable":true,"href":"https:\/\/pgwear.net\/pl\/wp-json\/wp\/v2\/product_tag?post=151211"}],"curies":[{"name":"wp","href":"https:\/\/api.w.org\/{rel}","templated":true}]}}