{"id":151246,"date":"2024-05-06T09:34:49","date_gmt":"2024-05-06T07:34:49","guid":{"rendered":"https:\/\/pgwear.net\/p\/nrb24-t-shirt-bucharest-no-respect-black\/"},"modified":"2026-03-24T12:27:43","modified_gmt":"2026-03-24T11:27:43","slug":"t-shirt-bucharest-no-respect-black","status":"publish","type":"product","link":"https:\/\/pgwear.net\/pl\/p\/t-shirt-bucharest-no-respect-black\/","title":{"rendered":"T-shirt &#8220;Bucharest&#8221; No Respect Black"},"content":{"rendered":"<p>Minimalistyczny design T-shirtu o klasycznym kroju dla tych, kt\u00f3rzy chc\u0105 zachowa\u0107 anonimowo\u015b\u0107 na stadionie, idealny kr\u00f3j oraz wysoka jako\u015b\u0107 dla tych, kt\u00f3rzy wygl\u0105da\u0107 stylowo na ulicy, a zarazem pokaza\u0107 dyskretnie, \u017ce nale\u017c\u0105 do ruchu ultras! O to w\u0142a\u015bnie chodzi w tej koszulce z lini NO RESPECT!<\/p>\n","protected":false},"excerpt":{"rendered":"<p>Minimalistyczny design T-shirtu o klasycznym kroju dla tych, kt\u00f3rzy chc\u0105 zachowa\u0107 anonimowo\u015b\u0107 na stadionie, idealny kr\u00f3j oraz wysoka jako\u015b\u0107 dla tych, kt\u00f3rzy wygl\u0105da\u0107 stylowo na ulicy, a zarazem pokaza\u0107 dyskretnie, \u017ce nale\u017c\u0105 do ruchu ultras! O to w\u0142a\u015bnie chodzi w tej koszulce z lini NO RESPECT!<\/p>\n","protected":false},"featured_media":151471,"template":"","meta":{"_acf_changed":false},"product_brand":[],"product_cat":[3497,376,372],"product_tag":[1974],"class_list":{"0":"post-151246","1":"product","2":"type-product","3":"status-publish","4":"has-post-thumbnail","6":"product_cat-no-respect","7":"product_cat-nowosci","8":"product_cat-t-shirty","9":"product_tag-no-respect","10":"pa_gramatura-180-gr-m2","11":"pa_kolor-czarny","12":"pa_material-100-bawelna","13":"pa_nadruk-nadruk-na-klatce-piersiowej","14":"pa_rozmiar-l","15":"pa_rozmiar-m","16":"pa_rozmiar-s","17":"pa_rozmiar-xl","18":"pa_rozmiar-xxl","19":"pa_rozmiar-xxxl","20":"feature-motyw-kominiarki","22":"first","23":"instock","24":"taxable","25":"shipping-taxable","26":"purchasable","27":"product-type-variable"},"acf":[],"_links":{"self":[{"href":"https:\/\/pgwear.net\/pl\/wp-json\/wp\/v2\/product\/151246","targetHints":{"allow":["GET"]}}],"collection":[{"href":"https:\/\/pgwear.net\/pl\/wp-json\/wp\/v2\/product"}],"about":[{"href":"https:\/\/pgwear.net\/pl\/wp-json\/wp\/v2\/types\/product"}],"wp:featuredmedia":[{"embeddable":true,"href":"https:\/\/pgwear.net\/pl\/wp-json\/wp\/v2\/media\/151471"}],"wp:attachment":[{"href":"https:\/\/pgwear.net\/pl\/wp-json\/wp\/v2\/media?parent=151246"}],"wp:term":[{"taxonomy":"product_brand","embeddable":true,"href":"https:\/\/pgwear.net\/pl\/wp-json\/wp\/v2\/product_brand?post=151246"},{"taxonomy":"product_cat","embeddable":true,"href":"https:\/\/pgwear.net\/pl\/wp-json\/wp\/v2\/product_cat?post=151246"},{"taxonomy":"product_tag","embeddable":true,"href":"https:\/\/pgwear.net\/pl\/wp-json\/wp\/v2\/product_tag?post=151246"}],"curies":[{"name":"wp","href":"https:\/\/api.w.org\/{rel}","templated":true}]}}