{"id":153127,"date":"2024-05-14T12:40:20","date_gmt":"2024-05-14T10:40:20","guid":{"rendered":"https:\/\/pgwear.net\/p\/koszulka-pilkarska-euro-pl\/"},"modified":"2026-03-26T10:19:30","modified_gmt":"2026-03-26T09:19:30","slug":"koszulka-pilkarska-euro-pl","status":"publish","type":"product","link":"https:\/\/pgwear.net\/pl\/p\/koszulka-pilkarska-euro-pl\/","title":{"rendered":"Koszulka pi\u0142karska &#8220;Euro PL&#8221;"},"content":{"rendered":"<p>Czy uwielbiasz pi\u0142k\u0119 no\u017cn\u0105? Nienawidzisz policjant\u00f3w? My\u015blisz, \u017ce pirotechnika nie jest przest\u0119pstwem? Czy wspierasz sw\u00f3j klub pi\u0142karski i reprezentacj\u0119 narodow\u0105? Zatem jeste\u015b we w\u0142a\u015bciwym miejscu! \u015awi\u0119tuj EURO 2024 w wielkim stylu i wybierz koszulk\u0119 w barwach swojej dru\u017cyny! Rozpowszechniaj ducha Ultras\u00f3w zar\u00f3wno na ulicy jak i stadionie podczas mistrzostw w Niemczech!<\/p>\n","protected":false},"excerpt":{"rendered":"<p>Czy uwielbiasz pi\u0142k\u0119 no\u017cn\u0105? Nienawidzisz policjant\u00f3w? My\u015blisz, \u017ce pirotechnika nie jest przest\u0119pstwem? Czy wspierasz sw\u00f3j klub pi\u0142karski i reprezentacj\u0119 narodow\u0105? Zatem jeste\u015b we w\u0142a\u015bciwym miejscu! \u015awi\u0119tuj EURO 2024 w wielkim stylu i wybierz koszulk\u0119 w barwach swojej dru\u017cyny! Rozpowszechniaj ducha Ultras\u00f3w zar\u00f3wno na ulicy jak i stadionie podczas mistrzostw w Niemczech!.<\/p>\n","protected":false},"featured_media":153279,"template":"","meta":{"_acf_changed":false},"product_brand":[],"product_cat":[376,372],"product_tag":[3839,3277],"class_list":{"0":"post-153127","1":"product","2":"type-product","3":"status-publish","4":"has-post-thumbnail","6":"product_cat-nowosci","7":"product_cat-t-shirty","8":"product_tag-blue-monday","9":"product_tag-ostatnie-sztuki","10":"pa_gramatura-160-gr-m2","11":"pa_material-100-poliester","12":"pa_nadruk-nadruk-na-calej-powierzchni","13":"pa_rozmiar-l","14":"pa_rozmiar-m","15":"pa_rozmiar-s","16":"pa_rozmiar-xl","17":"feature-euro","18":"feature-koszulka-pilkarska","20":"first","21":"outofstock","22":"taxable","23":"shipping-taxable","24":"product-type-variable"},"acf":[],"_links":{"self":[{"href":"https:\/\/pgwear.net\/pl\/wp-json\/wp\/v2\/product\/153127","targetHints":{"allow":["GET"]}}],"collection":[{"href":"https:\/\/pgwear.net\/pl\/wp-json\/wp\/v2\/product"}],"about":[{"href":"https:\/\/pgwear.net\/pl\/wp-json\/wp\/v2\/types\/product"}],"wp:featuredmedia":[{"embeddable":true,"href":"https:\/\/pgwear.net\/pl\/wp-json\/wp\/v2\/media\/153279"}],"wp:attachment":[{"href":"https:\/\/pgwear.net\/pl\/wp-json\/wp\/v2\/media?parent=153127"}],"wp:term":[{"taxonomy":"product_brand","embeddable":true,"href":"https:\/\/pgwear.net\/pl\/wp-json\/wp\/v2\/product_brand?post=153127"},{"taxonomy":"product_cat","embeddable":true,"href":"https:\/\/pgwear.net\/pl\/wp-json\/wp\/v2\/product_cat?post=153127"},{"taxonomy":"product_tag","embeddable":true,"href":"https:\/\/pgwear.net\/pl\/wp-json\/wp\/v2\/product_tag?post=153127"}],"curies":[{"name":"wp","href":"https:\/\/api.w.org\/{rel}","templated":true}]}}