{"id":153623,"date":"2024-05-15T11:51:19","date_gmt":"2024-05-15T09:51:19","guid":{"rendered":"https:\/\/pgwear.net\/p\/aw24-worek-gym-bag-one-three-one-two\/"},"modified":"2026-03-30T12:43:44","modified_gmt":"2026-03-30T10:43:44","slug":"worek-gym-bag-one-three-one-two","status":"publish","type":"product","link":"https:\/\/pgwear.net\/pl\/p\/worek-gym-bag-one-three-one-two\/","title":{"rendered":"Worek Gym Bag &#8220;One Three One Two&#8221;"},"content":{"rendered":"<p>Chodzisz na si\u0142owni\u0119? Zabierz ze sob\u0105 t\u0119 torb\u0119 i szerz wsz\u0119dzie wiadomo\u015b\u0107 o tym, kto jest prawdziwym wrogiem kultury i fandomu pi\u0142karskiego! ACAB! 1312!<\/p>\n","protected":false},"excerpt":{"rendered":"<p>Chodzisz na si\u0142owni\u0119? Zabierz ze sob\u0105 t\u0119 torb\u0119 i szerz wsz\u0119dzie wiadomo\u015b\u0107 o tym, kto jest prawdziwym wrogiem kultury i fandomu pi\u0142karskiego! ACAB! 1312!<\/p>\n","protected":false},"featured_media":165196,"template":"","meta":{"_acf_changed":false},"product_brand":[],"product_cat":[375,3519],"product_tag":[3182],"class_list":{"0":"post-153623","1":"product","2":"type-product","3":"status-publish","4":"has-post-thumbnail","6":"product_cat-akcesoria","7":"product_cat-worki-gym-bag","8":"product_tag-aw24","9":"pa_gramatura-280-gr-m2","10":"pa_kolekcja-jesien-zima-2024","11":"pa_kolor-czarny","12":"pa_material-100-poliester","13":"pa_nadruk-duzy-nadruk-z-przodu","14":"feature-worek-sportowy","16":"first","17":"instock","18":"sale","19":"taxable","20":"shipping-taxable","21":"purchasable","22":"product-type-simple"},"acf":[],"_links":{"self":[{"href":"https:\/\/pgwear.net\/pl\/wp-json\/wp\/v2\/product\/153623","targetHints":{"allow":["GET"]}}],"collection":[{"href":"https:\/\/pgwear.net\/pl\/wp-json\/wp\/v2\/product"}],"about":[{"href":"https:\/\/pgwear.net\/pl\/wp-json\/wp\/v2\/types\/product"}],"wp:featuredmedia":[{"embeddable":true,"href":"https:\/\/pgwear.net\/pl\/wp-json\/wp\/v2\/media\/165196"}],"wp:attachment":[{"href":"https:\/\/pgwear.net\/pl\/wp-json\/wp\/v2\/media?parent=153623"}],"wp:term":[{"taxonomy":"product_brand","embeddable":true,"href":"https:\/\/pgwear.net\/pl\/wp-json\/wp\/v2\/product_brand?post=153623"},{"taxonomy":"product_cat","embeddable":true,"href":"https:\/\/pgwear.net\/pl\/wp-json\/wp\/v2\/product_cat?post=153623"},{"taxonomy":"product_tag","embeddable":true,"href":"https:\/\/pgwear.net\/pl\/wp-json\/wp\/v2\/product_tag?post=153623"}],"curies":[{"name":"wp","href":"https:\/\/api.w.org\/{rel}","templated":true}]}}