{"id":153630,"date":"2024-05-15T11:51:23","date_gmt":"2024-05-15T09:51:23","guid":{"rendered":"https:\/\/pgwear.net\/p\/aw24-czapka-zimowa-mariner-light-grey\/"},"modified":"2026-03-06T11:54:53","modified_gmt":"2026-03-06T10:54:53","slug":"czapka-zimowa-mariner-light-grey","status":"publish","type":"product","link":"https:\/\/pgwear.net\/pl\/p\/czapka-zimowa-mariner-light-grey\/","title":{"rendered":"Czapka zimowa &#8220;Mariner&#8221; Light Grey"},"content":{"rendered":"<p>Szukasz czapki, kt\u00f3ra ochroni twoj\u0105 g\u0142ow\u0119 przed zimnem i b\u0119dzie dobrze wygl\u0105da\u0107 zar\u00f3wno na ulicy, jak i na stadionie? Oto czapka zimowa od PGWEAR MARINER! Styl, wygoda i jako\u015b\u0107 gwarantowane!<\/p>\n","protected":false},"excerpt":{"rendered":"<p>Szukasz czapki, kt\u00f3ra ochroni twoj\u0105 g\u0142ow\u0119 przed zimnem i b\u0119dzie dobrze wygl\u0105da\u0107 zar\u00f3wno na ulicy, jak i na stadionie? Oto czapka zimowa od PGWEAR MARINER! Styl, wygoda i jako\u015b\u0107 gwarantowane!<\/p>\n","protected":false},"featured_media":165142,"template":"","meta":{"_acf_changed":false},"product_brand":[],"product_cat":[374,3510],"product_tag":[3182],"class_list":{"0":"post-153630","1":"product","2":"type-product","3":"status-publish","4":"has-post-thumbnail","6":"product_cat-czapki","7":"product_cat-zimowe","8":"product_tag-aw24","9":"pa_kolekcja-jesien-zima-2024","10":"pa_kolor-jasny-szary","11":"pa_material-19-poliamid","12":"pa_material-32-poliester","13":"pa_material-49-wiskoza","14":"feature-czapka-zimowa","16":"first","17":"instock","18":"taxable","19":"shipping-taxable","20":"purchasable","21":"product-type-simple"},"acf":[],"_links":{"self":[{"href":"https:\/\/pgwear.net\/pl\/wp-json\/wp\/v2\/product\/153630","targetHints":{"allow":["GET"]}}],"collection":[{"href":"https:\/\/pgwear.net\/pl\/wp-json\/wp\/v2\/product"}],"about":[{"href":"https:\/\/pgwear.net\/pl\/wp-json\/wp\/v2\/types\/product"}],"wp:featuredmedia":[{"embeddable":true,"href":"https:\/\/pgwear.net\/pl\/wp-json\/wp\/v2\/media\/165142"}],"wp:attachment":[{"href":"https:\/\/pgwear.net\/pl\/wp-json\/wp\/v2\/media?parent=153630"}],"wp:term":[{"taxonomy":"product_brand","embeddable":true,"href":"https:\/\/pgwear.net\/pl\/wp-json\/wp\/v2\/product_brand?post=153630"},{"taxonomy":"product_cat","embeddable":true,"href":"https:\/\/pgwear.net\/pl\/wp-json\/wp\/v2\/product_cat?post=153630"},{"taxonomy":"product_tag","embeddable":true,"href":"https:\/\/pgwear.net\/pl\/wp-json\/wp\/v2\/product_tag?post=153630"}],"curies":[{"name":"wp","href":"https:\/\/api.w.org\/{rel}","templated":true}]}}