{"id":153631,"date":"2024-05-15T11:51:24","date_gmt":"2024-05-15T09:51:24","guid":{"rendered":"https:\/\/pgwear.net\/p\/aw24-dwustonna-czapka-rybaczka-tropic\/"},"modified":"2026-03-23T23:43:39","modified_gmt":"2026-03-23T22:43:39","slug":"dwustonna-czapka-rybaczka-tropic","status":"publish","type":"product","link":"https:\/\/pgwear.net\/pl\/p\/dwustonna-czapka-rybaczka-tropic\/","title":{"rendered":"Dwustonna Czapka rybaczka &#8220;Tropic&#8221;"},"content":{"rendered":"<p>Totalny hit ostatnich kilku lat! Czapka rybaczka!! Kup ten model od PGWEAR i odpowiednio zakryj g\u0142ow\u0119 zar\u00f3wno na ulicy jak i na stadionie! Z dum\u0105 prezentujemy wersj\u0119 dwustronn\u0105 &#8211; 2 w 1!<\/p>\n","protected":false},"excerpt":{"rendered":"<p>Totalny hit ostatnich kilku lat! Czapka rybaczka!! Kup ten model od PGWEAR i odpowiednio zakryj g\u0142ow\u0119 zar\u00f3wno na ulicy jak i na stadionie! Z dum\u0105 prezentujemy wersj\u0119 dwustronn\u0105 &#8211; 2 w 1!<\/p>\n","protected":false},"featured_media":165127,"template":"","meta":{"_acf_changed":false},"product_brand":[],"product_cat":[374,3509],"product_tag":[3182],"class_list":{"0":"post-153631","1":"product","2":"type-product","3":"status-publish","4":"has-post-thumbnail","6":"product_cat-czapki","7":"product_cat-rybaczki","8":"product_tag-aw24","9":"pa_kolekcja-jesien-zima-2024","10":"pa_kolor-czarny","11":"pa_kolor-granatowy","12":"pa_material-100-poliester","13":"feature-dwustronna","14":"feature-rybaczka","16":"first","17":"instock","18":"sale","19":"taxable","20":"shipping-taxable","21":"purchasable","22":"product-type-simple"},"acf":[],"_links":{"self":[{"href":"https:\/\/pgwear.net\/pl\/wp-json\/wp\/v2\/product\/153631","targetHints":{"allow":["GET"]}}],"collection":[{"href":"https:\/\/pgwear.net\/pl\/wp-json\/wp\/v2\/product"}],"about":[{"href":"https:\/\/pgwear.net\/pl\/wp-json\/wp\/v2\/types\/product"}],"wp:featuredmedia":[{"embeddable":true,"href":"https:\/\/pgwear.net\/pl\/wp-json\/wp\/v2\/media\/165127"}],"wp:attachment":[{"href":"https:\/\/pgwear.net\/pl\/wp-json\/wp\/v2\/media?parent=153631"}],"wp:term":[{"taxonomy":"product_brand","embeddable":true,"href":"https:\/\/pgwear.net\/pl\/wp-json\/wp\/v2\/product_brand?post=153631"},{"taxonomy":"product_cat","embeddable":true,"href":"https:\/\/pgwear.net\/pl\/wp-json\/wp\/v2\/product_cat?post=153631"},{"taxonomy":"product_tag","embeddable":true,"href":"https:\/\/pgwear.net\/pl\/wp-json\/wp\/v2\/product_tag?post=153631"}],"curies":[{"name":"wp","href":"https:\/\/api.w.org\/{rel}","templated":true}]}}