{"id":153632,"date":"2024-05-15T11:51:24","date_gmt":"2024-05-15T09:51:24","guid":{"rendered":"https:\/\/pgwear.net\/p\/aw24-czapka-rybaczka-navigator\/"},"modified":"2026-03-13T09:57:02","modified_gmt":"2026-03-13T08:57:02","slug":"czapka-rybaczka-navigator","status":"publish","type":"product","link":"https:\/\/pgwear.net\/pl\/p\/czapka-rybaczka-navigator\/","title":{"rendered":"Czapka rybaczka &#8220;Navigator&#8221;"},"content":{"rendered":"<p>Absolutny hit ostatnich kilku lat! Czapka rybaczka! Kup ten model od PGWEAR i odpowiednio zakryj g\u0142ow\u0119 zar\u00f3wno na ulicy jak i na stadionie!<\/p>\n","protected":false},"excerpt":{"rendered":"<p>Absolutny hit ostatnich kilku lat! Czapka rybaczka! Kup ten model od PGWEAR i odpowiednio zakryj g\u0142ow\u0119 zar\u00f3wno na ulicy jak i na stadionie!<\/p>\n","protected":false},"featured_media":165133,"template":"","meta":{"_acf_changed":false},"product_brand":[],"product_cat":[374,3509],"product_tag":[3182],"class_list":{"0":"post-153632","1":"product","2":"type-product","3":"status-publish","4":"has-post-thumbnail","6":"product_cat-czapki","7":"product_cat-rybaczki","8":"product_tag-aw24","9":"pa_gramatura-190-gr-m2","10":"pa_kolekcja-jesien-zima-2024","11":"pa_kolor-czarny","12":"pa_material-35-poliester","13":"pa_material-65-bawelna","14":"feature-rybaczka","16":"first","17":"instock","18":"taxable","19":"shipping-taxable","20":"purchasable","21":"product-type-simple"},"acf":[],"_links":{"self":[{"href":"https:\/\/pgwear.net\/pl\/wp-json\/wp\/v2\/product\/153632","targetHints":{"allow":["GET"]}}],"collection":[{"href":"https:\/\/pgwear.net\/pl\/wp-json\/wp\/v2\/product"}],"about":[{"href":"https:\/\/pgwear.net\/pl\/wp-json\/wp\/v2\/types\/product"}],"wp:featuredmedia":[{"embeddable":true,"href":"https:\/\/pgwear.net\/pl\/wp-json\/wp\/v2\/media\/165133"}],"wp:attachment":[{"href":"https:\/\/pgwear.net\/pl\/wp-json\/wp\/v2\/media?parent=153632"}],"wp:term":[{"taxonomy":"product_brand","embeddable":true,"href":"https:\/\/pgwear.net\/pl\/wp-json\/wp\/v2\/product_brand?post=153632"},{"taxonomy":"product_cat","embeddable":true,"href":"https:\/\/pgwear.net\/pl\/wp-json\/wp\/v2\/product_cat?post=153632"},{"taxonomy":"product_tag","embeddable":true,"href":"https:\/\/pgwear.net\/pl\/wp-json\/wp\/v2\/product_tag?post=153632"}],"curies":[{"name":"wp","href":"https:\/\/api.w.org\/{rel}","templated":true}]}}