{"id":153654,"date":"2024-05-15T11:51:36","date_gmt":"2024-05-15T09:51:36","guid":{"rendered":"https:\/\/pgwear.net\/p\/aw24-spodenie-dresowe-two-stripes-black\/"},"modified":"2026-04-15T08:48:25","modified_gmt":"2026-04-15T06:48:25","slug":"spodnie-dresowe-two-stripes-black","status":"publish","type":"product","link":"https:\/\/pgwear.net\/pl\/p\/spodnie-dresowe-two-stripes-black\/","title":{"rendered":"Spodnie dresowe &#8220;Two Stripes&#8221; Black"},"content":{"rendered":"<p>Niezale\u017cnie od tego, dok\u0105d idziesz, na miasto, stadion czy si\u0142owni\u0119, spodnie dresowe od PGWEAR s\u0105 zawsze \u015bwietn\u0105 opcj\u0105, je\u015bli szukasz czego\u015b wygodnego, stylowego, a jednocze\u015bnie swobodnego.<\/p>\n","protected":false},"excerpt":{"rendered":"<p>Niezale\u017cnie od tego, dok\u0105d idziesz, na miasto, stadion czy si\u0142owni\u0119, spodnie dresowe od PGWEAR s\u0105 zawsze \u015bwietn\u0105 opcj\u0105, je\u015bli szukasz czego\u015b wygodnego, stylowego, a jednocze\u015bnie swobodnego.<\/p>\n","protected":false},"featured_media":165069,"template":"","meta":{"_acf_changed":false},"product_brand":[],"product_cat":[3499,373],"product_tag":[3182],"class_list":{"0":"post-153654","1":"product","2":"type-product","3":"status-publish","4":"has-post-thumbnail","6":"product_cat-dresowe","7":"product_cat-spodnie","8":"product_tag-aw24","9":"pa_gramatura-280-gr-m2","10":"pa_kolekcja-jesien-zima-2024","11":"pa_kolor-czarny","12":"pa_kroj-klasyczny","13":"pa_material-100-poliester","14":"pa_rozmiar-l","15":"pa_rozmiar-m","16":"pa_rozmiar-s","17":"pa_rozmiar-xl","18":"pa_rozmiar-xxl","19":"pa_rozmiar-xxxl","21":"first","22":"instock","23":"sale","24":"taxable","25":"shipping-taxable","26":"purchasable","27":"product-type-variable"},"acf":[],"_links":{"self":[{"href":"https:\/\/pgwear.net\/pl\/wp-json\/wp\/v2\/product\/153654","targetHints":{"allow":["GET"]}}],"collection":[{"href":"https:\/\/pgwear.net\/pl\/wp-json\/wp\/v2\/product"}],"about":[{"href":"https:\/\/pgwear.net\/pl\/wp-json\/wp\/v2\/types\/product"}],"wp:featuredmedia":[{"embeddable":true,"href":"https:\/\/pgwear.net\/pl\/wp-json\/wp\/v2\/media\/165069"}],"wp:attachment":[{"href":"https:\/\/pgwear.net\/pl\/wp-json\/wp\/v2\/media?parent=153654"}],"wp:term":[{"taxonomy":"product_brand","embeddable":true,"href":"https:\/\/pgwear.net\/pl\/wp-json\/wp\/v2\/product_brand?post=153654"},{"taxonomy":"product_cat","embeddable":true,"href":"https:\/\/pgwear.net\/pl\/wp-json\/wp\/v2\/product_cat?post=153654"},{"taxonomy":"product_tag","embeddable":true,"href":"https:\/\/pgwear.net\/pl\/wp-json\/wp\/v2\/product_tag?post=153654"}],"curies":[{"name":"wp","href":"https:\/\/api.w.org\/{rel}","templated":true}]}}