{"id":153675,"date":"2024-05-15T11:51:45","date_gmt":"2024-05-15T09:51:45","guid":{"rendered":"https:\/\/pgwear.net\/p\/aw24-t-shirt-spendings-navy\/"},"modified":"2026-04-03T09:23:16","modified_gmt":"2026-04-03T07:23:16","slug":"t-shirt-spendings-navy","status":"publish","type":"product","link":"https:\/\/pgwear.net\/pl\/p\/t-shirt-spendings-navy\/","title":{"rendered":"T-shirt &#8220;Spendings&#8221; Navy"},"content":{"rendered":"<p>Piwo nie jest po prostu tylko napojem w kulturze pi\u0142karskiej! Kojarzy si\u0119 z wyjazdami pe\u0142nymi przyg\u00f3d, rado\u015bci\u0105 na trybunach po strzelonym golu, nieko\u0144cz\u0105cymi si\u0119 spotkaniami z wiernymi kumplami w lokalnym pubie\u2026 Obie te rzeczy \u0142\u0105cz\u0105 si\u0119 ze sob\u0105 \u2013 pi\u0142ka no\u017cna i piwo to nasze najwa\u017cniejsze wydatki!<\/p>\n","protected":false},"excerpt":{"rendered":"<p>Piwo nie jest po prostu tylko napojem w kulturze pi\u0142karskiej! Kojarzy si\u0119 z wyjazdami pe\u0142nymi przyg\u00f3d, rado\u015bci\u0105 na trybunach po strzelonym golu, nieko\u0144cz\u0105cymi si\u0119 spotkaniami z wiernymi kumplami w lokalnym pubie\u2026 Obie te rzeczy \u0142\u0105cz\u0105 si\u0119 ze sob\u0105 \u2013 pi\u0142ka no\u017cna i piwo to nasze najwa\u017cniejsze wydatki!<\/p>\n","protected":false},"featured_media":165017,"template":"","meta":{"_acf_changed":false},"product_brand":[],"product_cat":[372],"product_tag":[3839,3277],"class_list":{"0":"post-153675","1":"product","2":"type-product","3":"status-publish","4":"has-post-thumbnail","6":"product_cat-t-shirty","7":"product_tag-blue-monday","8":"product_tag-ostatnie-sztuki","9":"pa_gramatura-180-gr-m2","10":"pa_kolekcja-jesien-zima-2024","11":"pa_kolor-niebieski","12":"pa_kroj-klasyczny","13":"pa_material-100-bawelna","14":"pa_nadruk-duzy-nadruk-na-plecach","15":"pa_nadruk-nadruk-na-sercu","16":"pa_rozmiar-l","17":"pa_rozmiar-m","18":"pa_rozmiar-s","19":"pa_rozmiar-xl","20":"pa_rozmiar-xxl","21":"pa_rozmiar-xxxl","22":"feature-motyw-pilki","23":"feature-motyw-piwa","25":"first","26":"instock","27":"sale","28":"taxable","29":"shipping-taxable","30":"purchasable","31":"product-type-variable"},"acf":[],"_links":{"self":[{"href":"https:\/\/pgwear.net\/pl\/wp-json\/wp\/v2\/product\/153675","targetHints":{"allow":["GET"]}}],"collection":[{"href":"https:\/\/pgwear.net\/pl\/wp-json\/wp\/v2\/product"}],"about":[{"href":"https:\/\/pgwear.net\/pl\/wp-json\/wp\/v2\/types\/product"}],"wp:featuredmedia":[{"embeddable":true,"href":"https:\/\/pgwear.net\/pl\/wp-json\/wp\/v2\/media\/165017"}],"wp:attachment":[{"href":"https:\/\/pgwear.net\/pl\/wp-json\/wp\/v2\/media?parent=153675"}],"wp:term":[{"taxonomy":"product_brand","embeddable":true,"href":"https:\/\/pgwear.net\/pl\/wp-json\/wp\/v2\/product_brand?post=153675"},{"taxonomy":"product_cat","embeddable":true,"href":"https:\/\/pgwear.net\/pl\/wp-json\/wp\/v2\/product_cat?post=153675"},{"taxonomy":"product_tag","embeddable":true,"href":"https:\/\/pgwear.net\/pl\/wp-json\/wp\/v2\/product_tag?post=153675"}],"curies":[{"name":"wp","href":"https:\/\/api.w.org\/{rel}","templated":true}]}}