{"id":153682,"date":"2024-05-15T11:51:47","date_gmt":"2024-05-15T09:51:47","guid":{"rendered":"https:\/\/pgwear.net\/p\/aw24-t-shirt-motto-white\/"},"modified":"2026-04-08T09:12:22","modified_gmt":"2026-04-08T07:12:22","slug":"t-shirt-motto-white","status":"publish","type":"product","link":"https:\/\/pgwear.net\/pl\/p\/t-shirt-motto-white\/","title":{"rendered":"T-shirt &#8220;Motto&#8221; White"},"content":{"rendered":"<p>Pi\u0142ka no\u017cna bez kibic\u00f3w nic nie znaczy \u2013 to jedno z najwa\u017cniejszych hase\u0142 kultury ultras! Umie\u015bcili\u015bmy je na koszulce od PGWEAR, aby\u015b m\u00f3g\u0142 z dum\u0105 nosi\u0107 j\u0105 na ulicy i na stadionie!<\/p>\n","protected":false},"excerpt":{"rendered":"<p>Pi\u0142ka no\u017cna bez kibic\u00f3w nic nie znaczy \u2013 to jedno z najwa\u017cniejszych hase\u0142 kultury ultras! Umie\u015bcili\u015bmy je na koszulce od PGWEAR, aby\u015b m\u00f3g\u0142 z dum\u0105 nosi\u0107 j\u0105 na ulicy i na stadionie!<\/p>\n","protected":false},"featured_media":165005,"template":"","meta":{"_acf_changed":false},"product_brand":[],"product_cat":[372],"product_tag":[3182],"class_list":{"0":"post-153682","1":"product","2":"type-product","3":"status-publish","4":"has-post-thumbnail","6":"product_cat-t-shirty","7":"product_tag-aw24","8":"pa_gramatura-180-gr-m2","9":"pa_kolekcja-jesien-zima-2024","10":"pa_kolor-bialy","11":"pa_kroj-klasyczny","12":"pa_material-100-bawelna","13":"pa_nadruk-duzy-nadruk-na-plecach","14":"pa_nadruk-nadruk-na-sercu","15":"pa_rozmiar-l","16":"pa_rozmiar-m","17":"pa_rozmiar-s","18":"pa_rozmiar-xl","19":"pa_rozmiar-xxl","20":"pa_rozmiar-xxxl","22":"first","23":"instock","24":"taxable","25":"shipping-taxable","26":"purchasable","27":"product-type-variable"},"acf":[],"_links":{"self":[{"href":"https:\/\/pgwear.net\/pl\/wp-json\/wp\/v2\/product\/153682","targetHints":{"allow":["GET"]}}],"collection":[{"href":"https:\/\/pgwear.net\/pl\/wp-json\/wp\/v2\/product"}],"about":[{"href":"https:\/\/pgwear.net\/pl\/wp-json\/wp\/v2\/types\/product"}],"wp:featuredmedia":[{"embeddable":true,"href":"https:\/\/pgwear.net\/pl\/wp-json\/wp\/v2\/media\/165005"}],"wp:attachment":[{"href":"https:\/\/pgwear.net\/pl\/wp-json\/wp\/v2\/media?parent=153682"}],"wp:term":[{"taxonomy":"product_brand","embeddable":true,"href":"https:\/\/pgwear.net\/pl\/wp-json\/wp\/v2\/product_brand?post=153682"},{"taxonomy":"product_cat","embeddable":true,"href":"https:\/\/pgwear.net\/pl\/wp-json\/wp\/v2\/product_cat?post=153682"},{"taxonomy":"product_tag","embeddable":true,"href":"https:\/\/pgwear.net\/pl\/wp-json\/wp\/v2\/product_tag?post=153682"}],"curies":[{"name":"wp","href":"https:\/\/api.w.org\/{rel}","templated":true}]}}