{"id":153696,"date":"2024-05-15T11:51:55","date_gmt":"2024-05-15T09:51:55","guid":{"rendered":"https:\/\/pgwear.net\/p\/aw24-t-shirt-crazy-fruits-beige\/"},"modified":"2026-03-23T07:08:49","modified_gmt":"2026-03-23T06:08:49","slug":"t-shirt-crazy-fruits-beige","status":"publish","type":"product","link":"https:\/\/pgwear.net\/pl\/p\/t-shirt-crazy-fruits-beige\/","title":{"rendered":"T-shirt &#8220;Crazy Fruits&#8221; Beige"},"content":{"rendered":"<p>Daj nam zna\u0107, \u017ce popierasz ide\u0119 ACAB, nie m\u00f3wi\u0105c tego wprost! (A)vocado, (C)herry, (A)pple i (B)anana! \ud83d\ude42 To najlepszy wyb\u00f3r owoc\u00f3w dla ultras\u00f3w, dzi\u0119ki kt\u00f3rym z dum\u0105 mo\u017cna szerzy\u0107 t\u0119 ide\u0119 zar\u00f3wno na ulicy jak i na stadionie! 1312!<\/p>\n","protected":false},"excerpt":{"rendered":"<p>Daj nam zna\u0107, \u017ce popierasz ide\u0119 ACAB, nie m\u00f3wi\u0105c tego wprost! (A)vocado, (C)herry, (A)pple i (B)anana! \ud83d\ude42 To najlepszy wyb\u00f3r owoc\u00f3w dla ultras\u00f3w, dzi\u0119ki kt\u00f3rym z dum\u0105 mo\u017cna szerzy\u0107 t\u0119 ide\u0119 zar\u00f3wno na ulicy jak i na stadionie! 1312!<\/p>\n","protected":false},"featured_media":164979,"template":"","meta":{"_acf_changed":false},"product_brand":[],"product_cat":[372],"product_tag":[3182],"class_list":{"0":"post-153696","1":"product","2":"type-product","3":"status-publish","4":"has-post-thumbnail","6":"product_cat-t-shirty","7":"product_tag-aw24","8":"pa_gramatura-180-gr-m2","9":"pa_kolekcja-jesien-zima-2024","10":"pa_kolor-bezowy","11":"pa_kroj-klasyczny","12":"pa_material-100-bawelna","13":"pa_nadruk-duzy-nadruk-na-klatce-piersiowej","14":"pa_rozmiar-l","15":"pa_rozmiar-m","16":"pa_rozmiar-s","17":"pa_rozmiar-xl","18":"pa_rozmiar-xxl","19":"pa_rozmiar-xxxl","20":"feature-acab","22":"first","23":"outofstock","24":"taxable","25":"shipping-taxable","26":"product-type-variable"},"acf":[],"_links":{"self":[{"href":"https:\/\/pgwear.net\/pl\/wp-json\/wp\/v2\/product\/153696","targetHints":{"allow":["GET"]}}],"collection":[{"href":"https:\/\/pgwear.net\/pl\/wp-json\/wp\/v2\/product"}],"about":[{"href":"https:\/\/pgwear.net\/pl\/wp-json\/wp\/v2\/types\/product"}],"wp:featuredmedia":[{"embeddable":true,"href":"https:\/\/pgwear.net\/pl\/wp-json\/wp\/v2\/media\/164979"}],"wp:attachment":[{"href":"https:\/\/pgwear.net\/pl\/wp-json\/wp\/v2\/media?parent=153696"}],"wp:term":[{"taxonomy":"product_brand","embeddable":true,"href":"https:\/\/pgwear.net\/pl\/wp-json\/wp\/v2\/product_brand?post=153696"},{"taxonomy":"product_cat","embeddable":true,"href":"https:\/\/pgwear.net\/pl\/wp-json\/wp\/v2\/product_cat?post=153696"},{"taxonomy":"product_tag","embeddable":true,"href":"https:\/\/pgwear.net\/pl\/wp-json\/wp\/v2\/product_tag?post=153696"}],"curies":[{"name":"wp","href":"https:\/\/api.w.org\/{rel}","templated":true}]}}