{"id":153703,"date":"2024-05-15T11:52:00","date_gmt":"2024-05-15T09:52:00","guid":{"rendered":"https:\/\/pgwear.net\/p\/aw24-t-shirt-crazy-fruits-white\/"},"modified":"2026-04-27T10:21:28","modified_gmt":"2026-04-27T08:21:28","slug":"t-shirt-crazy-fruits-white","status":"publish","type":"product","link":"https:\/\/pgwear.net\/pl\/p\/t-shirt-crazy-fruits-white\/","title":{"rendered":"T-shirt &#8220;Crazy Fruits&#8221; White"},"content":{"rendered":"<p>Daj nam zna\u0107, \u017ce popierasz ide\u0119 ACAB, nie m\u00f3wi\u0105c tego wprost! (A)vocado, (C)herry, (A)pple i (B)anana! \ud83d\ude42 To najlepszy wyb\u00f3r owoc\u00f3w dla ultras\u00f3w, dzi\u0119ki kt\u00f3rym z dum\u0105 mo\u017cna szerzy\u0107 t\u0119 ide\u0119 zar\u00f3wno na ulicy jak i na stadionie! 1312!<\/p>\n","protected":false},"excerpt":{"rendered":"<p>Daj nam zna\u0107, \u017ce popierasz ide\u0119 ACAB, nie m\u00f3wi\u0105c tego wprost! (A)vocado, (C)herry, (A)pple i (B)anana! \ud83d\ude42 To najlepszy wyb\u00f3r owoc\u00f3w dla ultras\u00f3w, dzi\u0119ki kt\u00f3rym z dum\u0105 mo\u017cna szerzy\u0107 t\u0119 ide\u0119 zar\u00f3wno na ulicy jak i na stadionie! 1312!<\/p>\n","protected":false},"featured_media":164970,"template":"","meta":{"_acf_changed":false},"product_brand":[],"product_cat":[372],"product_tag":[3182],"class_list":{"0":"post-153703","1":"product","2":"type-product","3":"status-publish","4":"has-post-thumbnail","6":"product_cat-t-shirty","7":"product_tag-aw24","8":"pa_gramatura-180-gr-m2","9":"pa_kolekcja-jesien-zima-2024","10":"pa_kolor-bialy","11":"pa_kroj-klasyczny","12":"pa_material-100-bawelna","13":"pa_nadruk-duzy-nadruk-na-klatce-piersiowej","14":"pa_rozmiar-l","15":"pa_rozmiar-m","16":"pa_rozmiar-s","17":"pa_rozmiar-xl","18":"pa_rozmiar-xxl","19":"pa_rozmiar-xxxl","20":"feature-acab","22":"first","23":"instock","24":"taxable","25":"shipping-taxable","26":"purchasable","27":"product-type-variable"},"acf":[],"_links":{"self":[{"href":"https:\/\/pgwear.net\/pl\/wp-json\/wp\/v2\/product\/153703","targetHints":{"allow":["GET"]}}],"collection":[{"href":"https:\/\/pgwear.net\/pl\/wp-json\/wp\/v2\/product"}],"about":[{"href":"https:\/\/pgwear.net\/pl\/wp-json\/wp\/v2\/types\/product"}],"wp:featuredmedia":[{"embeddable":true,"href":"https:\/\/pgwear.net\/pl\/wp-json\/wp\/v2\/media\/164970"}],"wp:attachment":[{"href":"https:\/\/pgwear.net\/pl\/wp-json\/wp\/v2\/media?parent=153703"}],"wp:term":[{"taxonomy":"product_brand","embeddable":true,"href":"https:\/\/pgwear.net\/pl\/wp-json\/wp\/v2\/product_brand?post=153703"},{"taxonomy":"product_cat","embeddable":true,"href":"https:\/\/pgwear.net\/pl\/wp-json\/wp\/v2\/product_cat?post=153703"},{"taxonomy":"product_tag","embeddable":true,"href":"https:\/\/pgwear.net\/pl\/wp-json\/wp\/v2\/product_tag?post=153703"}],"curies":[{"name":"wp","href":"https:\/\/api.w.org\/{rel}","templated":true}]}}