{"id":153710,"date":"2024-05-15T11:52:04","date_gmt":"2024-05-15T09:52:04","guid":{"rendered":"https:\/\/pgwear.net\/p\/aw24-t-shirt-pork-black\/"},"modified":"2026-04-04T14:11:15","modified_gmt":"2026-04-04T12:11:15","slug":"t-shirt-pork-black","status":"publish","type":"product","link":"https:\/\/pgwear.net\/pl\/p\/t-shirt-pork-black\/","title":{"rendered":"T-shirt &#8220;Pork&#8221; Black"},"content":{"rendered":"<p>Niewa\u017cne kim jeste\u015bmy: ultrasami, chuliganami czy kibicami pi\u0142ki no\u017cnej &#8211; oni zawsze b\u0119d\u0105 przeciwko nam! Uwa\u017camy, \u017ce s\u0105&#8230; tym, co przedstawia ta koszulka! \ud83d\ude09 ACAB na ca\u0142ym \u015bwiecie na ulicy i na stadionie! 1312!!!<\/p>\n","protected":false},"excerpt":{"rendered":"<p>Niewa\u017cne kim jeste\u015bmy: ultrasami, chuliganami czy kibicami pi\u0142ki no\u017cnej &#8211; oni zawsze b\u0119d\u0105 przeciwko nam! Uwa\u017camy, \u017ce s\u0105&#8230; tym, co przedstawia ta koszulka! \ud83d\ude09 ACAB na ca\u0142ym \u015bwiecie na ulicy i na stadionie! 1312!!!<\/p>\n","protected":false},"featured_media":164955,"template":"","meta":{"_acf_changed":false},"product_brand":[],"product_cat":[372],"product_tag":[3182],"class_list":{"0":"post-153710","1":"product","2":"type-product","3":"status-publish","4":"has-post-thumbnail","6":"product_cat-t-shirty","7":"product_tag-aw24","8":"pa_gramatura-180-gr-m2","9":"pa_kolekcja-jesien-zima-2024","10":"pa_kolor-czarny","11":"pa_kroj-klasyczny","12":"pa_material-100-bawelna","13":"pa_nadruk-duzy-nadruk-na-plecach","14":"pa_nadruk-nadruk-na-sercu","15":"pa_rozmiar-l","16":"pa_rozmiar-m","17":"pa_rozmiar-s","18":"pa_rozmiar-xl","19":"pa_rozmiar-xxl","20":"pa_rozmiar-xxxl","21":"feature-2211","22":"feature-acab","24":"first","25":"instock","26":"taxable","27":"shipping-taxable","28":"purchasable","29":"product-type-variable"},"acf":[],"_links":{"self":[{"href":"https:\/\/pgwear.net\/pl\/wp-json\/wp\/v2\/product\/153710","targetHints":{"allow":["GET"]}}],"collection":[{"href":"https:\/\/pgwear.net\/pl\/wp-json\/wp\/v2\/product"}],"about":[{"href":"https:\/\/pgwear.net\/pl\/wp-json\/wp\/v2\/types\/product"}],"wp:featuredmedia":[{"embeddable":true,"href":"https:\/\/pgwear.net\/pl\/wp-json\/wp\/v2\/media\/164955"}],"wp:attachment":[{"href":"https:\/\/pgwear.net\/pl\/wp-json\/wp\/v2\/media?parent=153710"}],"wp:term":[{"taxonomy":"product_brand","embeddable":true,"href":"https:\/\/pgwear.net\/pl\/wp-json\/wp\/v2\/product_brand?post=153710"},{"taxonomy":"product_cat","embeddable":true,"href":"https:\/\/pgwear.net\/pl\/wp-json\/wp\/v2\/product_cat?post=153710"},{"taxonomy":"product_tag","embeddable":true,"href":"https:\/\/pgwear.net\/pl\/wp-json\/wp\/v2\/product_tag?post=153710"}],"curies":[{"name":"wp","href":"https:\/\/api.w.org\/{rel}","templated":true}]}}