{"id":153717,"date":"2024-05-15T11:52:08","date_gmt":"2024-05-15T09:52:08","guid":{"rendered":"https:\/\/pgwear.net\/p\/aw24-t-shirt-excursion-black\/"},"modified":"2026-03-24T12:35:11","modified_gmt":"2026-03-24T11:35:11","slug":"t-shirt-excursion-black","status":"publish","type":"product","link":"https:\/\/pgwear.net\/pl\/p\/t-shirt-excursion-black\/","title":{"rendered":"T-shirt &#8220;Excursion&#8221; Black"},"content":{"rendered":"<p>Chcemy sp\u0119dzi\u0107 poranek w poci\u0105gu w drodze na mecz wyjzdowy, popo\u0142udnie na trybunach odpalaj\u0105c pyro i kibicuj\u0105c ukochanemu klubowi pi\u0142karskiemu, a wiecz\u00f3r w pubie z wiernymi przyjaci\u00f3\u0142mi! To najlepsza wycieczka dla ka\u017cdego ultrasa, zwyk\u0142ego fana i chuligana!<\/p>\n","protected":false},"excerpt":{"rendered":"<p>Chcemy sp\u0119dzi\u0107 poranek w poci\u0105gu w drodze na mecz wyjzdowy, popo\u0142udnie na trybunach odpalaj\u0105c pyro i kibicuj\u0105c ukochanemu klubowi pi\u0142karskiemu, a wiecz\u00f3r w pubie z wiernymi przyjaci\u00f3\u0142mi! To najlepsza wycieczka dla ka\u017cdego ultrasa, zwyk\u0142ego fana i chuligana!<\/p>\n","protected":false},"featured_media":164946,"template":"","meta":{"_acf_changed":false},"product_brand":[],"product_cat":[372],"product_tag":[3182],"class_list":{"0":"post-153717","1":"product","2":"type-product","3":"status-publish","4":"has-post-thumbnail","6":"product_cat-t-shirty","7":"product_tag-aw24","8":"pa_gramatura-180-gr-m2","9":"pa_kolekcja-jesien-zima-2024","10":"pa_kolor-czarny","11":"pa_kroj-klasyczny","12":"pa_material-100-bawelna","13":"pa_nadruk-duzy-nadruk-na-klatce-piersiowej","14":"pa_rozmiar-l","15":"pa_rozmiar-m","16":"pa_rozmiar-s","17":"pa_rozmiar-xl","18":"pa_rozmiar-xxl","19":"pa_rozmiar-xxxl","20":"feature-acab","21":"feature-wyjazd","23":"first","24":"instock","25":"taxable","26":"shipping-taxable","27":"purchasable","28":"product-type-variable"},"acf":[],"_links":{"self":[{"href":"https:\/\/pgwear.net\/pl\/wp-json\/wp\/v2\/product\/153717","targetHints":{"allow":["GET"]}}],"collection":[{"href":"https:\/\/pgwear.net\/pl\/wp-json\/wp\/v2\/product"}],"about":[{"href":"https:\/\/pgwear.net\/pl\/wp-json\/wp\/v2\/types\/product"}],"wp:featuredmedia":[{"embeddable":true,"href":"https:\/\/pgwear.net\/pl\/wp-json\/wp\/v2\/media\/164946"}],"wp:attachment":[{"href":"https:\/\/pgwear.net\/pl\/wp-json\/wp\/v2\/media?parent=153717"}],"wp:term":[{"taxonomy":"product_brand","embeddable":true,"href":"https:\/\/pgwear.net\/pl\/wp-json\/wp\/v2\/product_brand?post=153717"},{"taxonomy":"product_cat","embeddable":true,"href":"https:\/\/pgwear.net\/pl\/wp-json\/wp\/v2\/product_cat?post=153717"},{"taxonomy":"product_tag","embeddable":true,"href":"https:\/\/pgwear.net\/pl\/wp-json\/wp\/v2\/product_tag?post=153717"}],"curies":[{"name":"wp","href":"https:\/\/api.w.org\/{rel}","templated":true}]}}